{"id":228,"date":"2019-06-12T07:44:45","date_gmt":"2019-06-12T07:44:45","guid":{"rendered":"https:\/\/themes.getmotopress.com\/luviana\/?page_id=228"},"modified":"2025-06-17T23:24:21","modified_gmt":"2025-06-17T22:24:21","slug":"qui-sommes-nous","status":"publish","type":"page","link":"https:\/\/casavacanzelafarfalla.com\/fr\/qui-sommes-nous\/","title":{"rendered":"Notre histoire"},"content":{"rendered":"<div class=\"wp-block-getwid-section alignfull alignfull getwid-margin-top-none getwid-margin-bottom-none\"><div class=\"wp-block-getwid-section__wrapper getwid-padding-top-none getwid-padding-bottom-none getwid-padding-left-medium getwid-padding-right-medium getwid-padding-mobile-left-small getwid-padding-mobile-right-small\"><div class=\"wp-block-getwid-section__inner-wrapper\"><div class=\"wp-block-getwid-section__background-holder\"><div class=\"wp-block-getwid-section__background\"><\/div><div class=\"wp-block-getwid-section__foreground\"><\/div><\/div><div class=\"wp-block-getwid-section__content\"><div class=\"wp-block-getwid-section__inner-content\">\n<div class=\"wp-block-columns has-2-columns is-layout-flex wp-container-core-columns-is-layout-9d6595d7 wp-block-columns-is-layout-flex\">\n<div class=\"wp-block-column is-layout-flow wp-block-column-is-layout-flow\">\n<div class=\"wp-block-columns has-2-columns is-layout-flex wp-container-core-columns-is-layout-9d6595d7 wp-block-columns-is-layout-flex\">\n<div class=\"wp-block-column is-layout-flow wp-block-column-is-layout-flow\">\n<div class=\"wp-block-getwid-images-stack is-layout-epsilon\"><div class=\"wp-block-getwid-images-stack__wrapper\"><div class=\"wp-block-getwid-images-stack__chunk\"><div class=\"wp-block-getwid-images-stack__media-wrapper\"><div class=\"wp-block-getwid-images-stack__media-inner-wrapper\"><img alt=\"\" loading=\"lazy\" decoding=\"async\" width=\"800\" height=\"600\" class=\"wp-block-getwid-images-stack__media wp-image-1498\" src=\"https:\/\/casavacanzelafarfalla.com\/wp-content\/uploads\/2025\/05\/IMG_9756_risultato.jpeg\" data-id=\"1498\" data-link=\"https:\/\/casavacanzelafarfalla.com\/img_9756_risultato\/\" srcset=\"https:\/\/casavacanzelafarfalla.com\/wp-content\/uploads\/2025\/05\/IMG_9756_risultato.jpeg 800w, https:\/\/casavacanzelafarfalla.com\/wp-content\/uploads\/2025\/05\/IMG_9756_risultato-300x225.jpeg 300w, https:\/\/casavacanzelafarfalla.com\/wp-content\/uploads\/2025\/05\/IMG_9756_risultato-768x576.jpeg 768w, https:\/\/casavacanzelafarfalla.com\/wp-content\/uploads\/2025\/05\/IMG_9756_risultato-16x12.jpeg 16w\" sizes=\"auto, (max-width: 800px) 100vw, 800px\" \/><\/div><\/div><div class=\"wp-block-getwid-images-stack__media-wrapper\"><div class=\"wp-block-getwid-images-stack__media-inner-wrapper\"><img alt=\"\" loading=\"lazy\" decoding=\"async\" width=\"800\" height=\"600\" class=\"wp-block-getwid-images-stack__media wp-image-1446\" src=\"https:\/\/casavacanzelafarfalla.com\/wp-content\/uploads\/2025\/05\/IMG_9683_risultato.jpeg\" data-id=\"1446\" data-link=\"https:\/\/casavacanzelafarfalla.com\/img_9683_risultato\/\" srcset=\"https:\/\/casavacanzelafarfalla.com\/wp-content\/uploads\/2025\/05\/IMG_9683_risultato.jpeg 800w, https:\/\/casavacanzelafarfalla.com\/wp-content\/uploads\/2025\/05\/IMG_9683_risultato-300x225.jpeg 300w, https:\/\/casavacanzelafarfalla.com\/wp-content\/uploads\/2025\/05\/IMG_9683_risultato-768x576.jpeg 768w, https:\/\/casavacanzelafarfalla.com\/wp-content\/uploads\/2025\/05\/IMG_9683_risultato-16x12.jpeg 16w\" sizes=\"auto, (max-width: 800px) 100vw, 800px\" \/><\/div><\/div><div class=\"wp-block-getwid-images-stack__media-wrapper\"><div class=\"wp-block-getwid-images-stack__media-inner-wrapper\"><img alt=\"\" loading=\"lazy\" decoding=\"async\" width=\"800\" height=\"600\" class=\"wp-block-getwid-images-stack__media wp-image-1445\" src=\"https:\/\/casavacanzelafarfalla.com\/wp-content\/uploads\/2025\/05\/IMG_9682_risultato.jpeg\" data-id=\"1445\" data-link=\"https:\/\/casavacanzelafarfalla.com\/img_9682_risultato\/\" srcset=\"https:\/\/casavacanzelafarfalla.com\/wp-content\/uploads\/2025\/05\/IMG_9682_risultato.jpeg 800w, https:\/\/casavacanzelafarfalla.com\/wp-content\/uploads\/2025\/05\/IMG_9682_risultato-300x225.jpeg 300w, https:\/\/casavacanzelafarfalla.com\/wp-content\/uploads\/2025\/05\/IMG_9682_risultato-768x576.jpeg 768w, https:\/\/casavacanzelafarfalla.com\/wp-content\/uploads\/2025\/05\/IMG_9682_risultato-16x12.jpeg 16w\" sizes=\"auto, (max-width: 800px) 100vw, 800px\" \/><\/div><\/div><\/div><\/div><\/div>\n<\/div>\n<\/div>\n<\/div>\n\n\n\n<div class=\"wp-block-column is-layout-flow wp-block-column-is-layout-flow\">\n<div class=\"wp-block-getwid-advanced-heading is-style-style-1 has-custom-font-size\" style=\"font-size:12px;margin-bottom:0px\"><p class=\"wp-block-getwid-advanced-heading__content\" style=\"letter-spacing:0.1em\"><\/p><\/div>\n\n\n\n<div class=\"wp-block-getwid-advanced-heading is-style-default\" style=\"margin-top:10px\"><h2 class=\"wp-block-getwid-advanced-heading__content\">Une histoire de passion et d'hospitalit\u00e9<\/h2><\/div>\n\n\n\n<p>Casa Vacanze La Farfalla est bien plus qu'un simple B&amp;B : c'est le r\u00e9sultat de notre passion pour l'hospitalit\u00e9 et de notre amour pour la Toscane. <\/p>\n\n\n\n<p>Situ\u00e9 au c\u0153ur des collines toscanes, notre refuge est n\u00e9 de l'envie de partager la beaut\u00e9 et la s\u00e9r\u00e9nit\u00e9 de cette terre avec ceux qui recherchent une pause dans la vie quotidienne. <\/p>\n\n\n\n<p>G\u00e9r\u00e9 avec soin et d\u00e9vouement par notre famille, chaque d\u00e9tail est con\u00e7u pour vous offrir une exp\u00e9rience authentique, faite de confort, de tradition et de chaleur humaine.<\/p>\n<\/div>\n<\/div>\n<\/div><\/div><\/div><\/div><\/div>\n\n\n\n<div style=\"height:60px\" aria-hidden=\"true\" class=\"wp-block-spacer\"><\/div>\n\n\n\n<div class=\"wp-block-getwid-section alignfull alignfull getwid-margin-top-none getwid-margin-bottom-none\"><div class=\"wp-block-getwid-section__wrapper getwid-padding-top-none getwid-padding-bottom-none getwid-padding-left-medium getwid-padding-right-medium getwid-padding-mobile-left-small getwid-padding-mobile-right-small\"><div class=\"wp-block-getwid-section__inner-wrapper\"><div class=\"wp-block-getwid-section__background-holder\"><div class=\"wp-block-getwid-section__background\"><\/div><div class=\"wp-block-getwid-section__foreground\"><\/div><\/div><div class=\"wp-block-getwid-section__content\"><div class=\"wp-block-getwid-section__inner-content\">\n<div class=\"wp-block-columns has-2-columns is-layout-flex wp-container-core-columns-is-layout-9d6595d7 wp-block-columns-is-layout-flex\">\n<div class=\"wp-block-column is-layout-flow wp-block-column-is-layout-flow\">\n<div class=\"wp-block-getwid-advanced-heading is-style-style-1 has-custom-font-size\" style=\"font-size:12px;margin-bottom:0px\"><p class=\"wp-block-getwid-advanced-heading__content\" style=\"letter-spacing:0.1em\"><\/p><\/div>\n\n\n\n<div class=\"wp-block-getwid-advanced-heading is-style-default\" style=\"margin-top:10px\"><h2 class=\"wp-block-getwid-advanced-heading__content\"><strong>Les appartements<\/strong><br><strong>Un projet con\u00e7u pour vous<\/strong><\/h2><\/div>\n<\/div>\n\n\n\n<div class=\"wp-block-column is-layout-flow wp-block-column-is-layout-flow\">\n<p>Les logements de Casa Vacanze La Farfalla sont le r\u00e9sultat d'un projet n\u00e9 de notre d\u00e9sir d'offrir des espaces non seulement fonctionnels, mais aussi accueillants et en harmonie avec l'environnement environnant. <\/p>\n\n\n\n<p>Nous avons voulu cr\u00e9er des appartements spacieux avec une attention aux moindres d\u00e9tails, con\u00e7us pour r\u00e9pondre aux besoins de chaque type de voyageur : familles, couples ou groupes d'amis. <\/p>\n\n\n\n<p>Chaque appartement dispose de terrasses panoramiques qui s'ouvrent sur la campagne toscane, de cuisines \u00e9quip\u00e9es pour se sentir chez soi et d'int\u00e9rieurs lumineux qui refl\u00e8tent l'atmosph\u00e8re chaleureuse de la Toscane. <\/p>\n\n\n\n<p>Notre objectif? <br>Vous offrir un s\u00e9jour confortable, authentique et inoubliable.<\/p>\n<\/div>\n<\/div>\n<\/div><\/div><\/div><\/div><\/div>\n\n\n\n<div class=\"wp-block-getwid-section alignfull alignfull getwid-margin-top-none getwid-margin-bottom-none\"><div class=\"wp-block-getwid-section__wrapper getwid-padding-top-normal getwid-padding-bottom-normal getwid-padding-left-medium getwid-padding-right-medium getwid-padding-mobile-left-small getwid-padding-mobile-right-small\"><div class=\"wp-block-getwid-section__inner-wrapper\"><div class=\"wp-block-getwid-section__background-holder\"><div class=\"wp-block-getwid-section__background\"><\/div><div class=\"wp-block-getwid-section__foreground\"><\/div><\/div><div class=\"wp-block-getwid-section__content\"><div class=\"wp-block-getwid-section__inner-content\">\n<div class=\"wp-block-columns has-2-columns is-layout-flex wp-container-core-columns-is-layout-9d6595d7 wp-block-columns-is-layout-flex\">\n<div class=\"wp-block-column is-layout-flow wp-block-column-is-layout-flow\">\n<div class=\"wp-block-getwid-images-stack is-layout-zeta\"><div class=\"wp-block-getwid-images-stack__wrapper\"><div class=\"wp-block-getwid-images-stack__chunk\"><div class=\"wp-block-getwid-images-stack__media-wrapper\"><div class=\"wp-block-getwid-images-stack__media-inner-wrapper\"><img alt=\"\" loading=\"lazy\" decoding=\"async\" width=\"800\" height=\"600\" class=\"wp-block-getwid-images-stack__media wp-image-1501\" src=\"https:\/\/casavacanzelafarfalla.com\/wp-content\/uploads\/2025\/05\/IMG_9759_risultato.jpeg\" data-id=\"1501\" data-link=\"https:\/\/casavacanzelafarfalla.com\/img_9759_risultato\/\" srcset=\"https:\/\/casavacanzelafarfalla.com\/wp-content\/uploads\/2025\/05\/IMG_9759_risultato.jpeg 800w, https:\/\/casavacanzelafarfalla.com\/wp-content\/uploads\/2025\/05\/IMG_9759_risultato-300x225.jpeg 300w, https:\/\/casavacanzelafarfalla.com\/wp-content\/uploads\/2025\/05\/IMG_9759_risultato-768x576.jpeg 768w, https:\/\/casavacanzelafarfalla.com\/wp-content\/uploads\/2025\/05\/IMG_9759_risultato-16x12.jpeg 16w\" sizes=\"auto, (max-width: 800px) 100vw, 800px\" \/><\/div><\/div><div class=\"wp-block-getwid-images-stack__media-wrapper\"><div class=\"wp-block-getwid-images-stack__media-inner-wrapper\"><img alt=\"\" loading=\"lazy\" decoding=\"async\" width=\"800\" height=\"600\" class=\"wp-block-getwid-images-stack__media wp-image-1441\" src=\"https:\/\/casavacanzelafarfalla.com\/wp-content\/uploads\/2025\/05\/IMG_9678_risultato.jpeg\" data-id=\"1441\" data-link=\"https:\/\/casavacanzelafarfalla.com\/img_9678_risultato\/\" srcset=\"https:\/\/casavacanzelafarfalla.com\/wp-content\/uploads\/2025\/05\/IMG_9678_risultato.jpeg 800w, https:\/\/casavacanzelafarfalla.com\/wp-content\/uploads\/2025\/05\/IMG_9678_risultato-300x225.jpeg 300w, https:\/\/casavacanzelafarfalla.com\/wp-content\/uploads\/2025\/05\/IMG_9678_risultato-768x576.jpeg 768w, https:\/\/casavacanzelafarfalla.com\/wp-content\/uploads\/2025\/05\/IMG_9678_risultato-16x12.jpeg 16w\" sizes=\"auto, (max-width: 800px) 100vw, 800px\" \/><\/div><\/div><div class=\"wp-block-getwid-images-stack__media-wrapper\"><div class=\"wp-block-getwid-images-stack__media-inner-wrapper\"><img alt=\"\" loading=\"lazy\" decoding=\"async\" width=\"800\" height=\"600\" class=\"wp-block-getwid-images-stack__media wp-image-1512\" src=\"https:\/\/casavacanzelafarfalla.com\/wp-content\/uploads\/2025\/05\/IMG_9769_risultato.jpeg\" data-id=\"1512\" data-link=\"https:\/\/casavacanzelafarfalla.com\/img_9769_risultato\/\" srcset=\"https:\/\/casavacanzelafarfalla.com\/wp-content\/uploads\/2025\/05\/IMG_9769_risultato.jpeg 800w, https:\/\/casavacanzelafarfalla.com\/wp-content\/uploads\/2025\/05\/IMG_9769_risultato-300x225.jpeg 300w, https:\/\/casavacanzelafarfalla.com\/wp-content\/uploads\/2025\/05\/IMG_9769_risultato-768x576.jpeg 768w, https:\/\/casavacanzelafarfalla.com\/wp-content\/uploads\/2025\/05\/IMG_9769_risultato-16x12.jpeg 16w\" sizes=\"auto, (max-width: 800px) 100vw, 800px\" \/><\/div><\/div><\/div><\/div><\/div>\n<\/div>\n\n\n\n<div class=\"wp-block-column is-layout-flow wp-block-column-is-layout-flow\">\n<div class=\"wp-block-getwid-images-stack\"><div class=\"wp-block-getwid-images-stack__wrapper\"><div class=\"wp-block-getwid-images-stack__chunk\"><div class=\"wp-block-getwid-images-stack__media-wrapper\"><div class=\"wp-block-getwid-images-stack__media-inner-wrapper\"><img alt=\"\" loading=\"lazy\" decoding=\"async\" width=\"800\" height=\"600\" class=\"wp-block-getwid-images-stack__media wp-image-1409\" src=\"https:\/\/casavacanzelafarfalla.com\/wp-content\/uploads\/2025\/05\/IMG_9646_risultato.jpeg\" data-id=\"1409\" data-link=\"https:\/\/casavacanzelafarfalla.com\/img_9646_risultato\/\" srcset=\"https:\/\/casavacanzelafarfalla.com\/wp-content\/uploads\/2025\/05\/IMG_9646_risultato.jpeg 800w, https:\/\/casavacanzelafarfalla.com\/wp-content\/uploads\/2025\/05\/IMG_9646_risultato-300x225.jpeg 300w, https:\/\/casavacanzelafarfalla.com\/wp-content\/uploads\/2025\/05\/IMG_9646_risultato-768x576.jpeg 768w, https:\/\/casavacanzelafarfalla.com\/wp-content\/uploads\/2025\/05\/IMG_9646_risultato-16x12.jpeg 16w\" sizes=\"auto, (max-width: 800px) 100vw, 800px\" \/><\/div><\/div><div class=\"wp-block-getwid-images-stack__media-wrapper\"><div class=\"wp-block-getwid-images-stack__media-inner-wrapper\"><img alt=\"\" loading=\"lazy\" decoding=\"async\" width=\"800\" height=\"600\" class=\"wp-block-getwid-images-stack__media wp-image-1415\" src=\"https:\/\/casavacanzelafarfalla.com\/wp-content\/uploads\/2025\/05\/IMG_9652_risultato.jpeg\" data-id=\"1415\" data-link=\"https:\/\/casavacanzelafarfalla.com\/img_9652_risultato\/\" srcset=\"https:\/\/casavacanzelafarfalla.com\/wp-content\/uploads\/2025\/05\/IMG_9652_risultato.jpeg 800w, https:\/\/casavacanzelafarfalla.com\/wp-content\/uploads\/2025\/05\/IMG_9652_risultato-300x225.jpeg 300w, https:\/\/casavacanzelafarfalla.com\/wp-content\/uploads\/2025\/05\/IMG_9652_risultato-768x576.jpeg 768w, https:\/\/casavacanzelafarfalla.com\/wp-content\/uploads\/2025\/05\/IMG_9652_risultato-16x12.jpeg 16w\" sizes=\"auto, (max-width: 800px) 100vw, 800px\" \/><\/div><\/div><div class=\"wp-block-getwid-images-stack__media-wrapper\"><div class=\"wp-block-getwid-images-stack__media-inner-wrapper\"><img alt=\"\" loading=\"lazy\" decoding=\"async\" width=\"800\" height=\"600\" class=\"wp-block-getwid-images-stack__media wp-image-1425\" src=\"https:\/\/casavacanzelafarfalla.com\/wp-content\/uploads\/2025\/05\/IMG_9662_risultato.jpeg\" data-id=\"1425\" data-link=\"https:\/\/casavacanzelafarfalla.com\/img_9662_risultato\/\" srcset=\"https:\/\/casavacanzelafarfalla.com\/wp-content\/uploads\/2025\/05\/IMG_9662_risultato.jpeg 800w, https:\/\/casavacanzelafarfalla.com\/wp-content\/uploads\/2025\/05\/IMG_9662_risultato-300x225.jpeg 300w, https:\/\/casavacanzelafarfalla.com\/wp-content\/uploads\/2025\/05\/IMG_9662_risultato-768x576.jpeg 768w, https:\/\/casavacanzelafarfalla.com\/wp-content\/uploads\/2025\/05\/IMG_9662_risultato-16x12.jpeg 16w\" sizes=\"auto, (max-width: 800px) 100vw, 800px\" \/><\/div><\/div><\/div><\/div><\/div>\n<\/div>\n<\/div>\n<\/div><\/div><\/div><\/div><\/div>","protected":false},"excerpt":{"rendered":"","protected":false},"author":1,"featured_media":0,"parent":0,"menu_order":0,"comment_status":"closed","ping_status":"closed","template":"","meta":{"_seopress_robots_primary_cat":"","_seopress_titles_title":"%%sitetitle%% %%sep%% La Nostra Storia ","_seopress_titles_desc":"Conosci la nostra storia: un B&B gestito con passione dalla famiglia, nato per offrire relax e autenticit\u00e0 in Toscana. Scopri il nostro impegno per un\u2019accoglienza unica.","_seopress_robots_index":"","inline_featured_image":false,"footnotes":""},"class_list":["post-228","page","type-page","status-publish","hentry"],"_links":{"self":[{"href":"https:\/\/casavacanzelafarfalla.com\/fr\/wp-json\/wp\/v2\/pages\/228","targetHints":{"allow":["GET"]}}],"collection":[{"href":"https:\/\/casavacanzelafarfalla.com\/fr\/wp-json\/wp\/v2\/pages"}],"about":[{"href":"https:\/\/casavacanzelafarfalla.com\/fr\/wp-json\/wp\/v2\/types\/page"}],"author":[{"embeddable":true,"href":"https:\/\/casavacanzelafarfalla.com\/fr\/wp-json\/wp\/v2\/users\/1"}],"replies":[{"embeddable":true,"href":"https:\/\/casavacanzelafarfalla.com\/fr\/wp-json\/wp\/v2\/comments?post=228"}],"version-history":[{"count":8,"href":"https:\/\/casavacanzelafarfalla.com\/fr\/wp-json\/wp\/v2\/pages\/228\/revisions"}],"predecessor-version":[{"id":2074,"href":"https:\/\/casavacanzelafarfalla.com\/fr\/wp-json\/wp\/v2\/pages\/228\/revisions\/2074"}],"wp:attachment":[{"href":"https:\/\/casavacanzelafarfalla.com\/fr\/wp-json\/wp\/v2\/media?parent=228"}],"curies":[{"name":"wp","href":"https:\/\/api.w.org\/{rel}","templated":true}]}}