{"id":1906,"date":"2025-05-16T11:10:55","date_gmt":"2025-05-16T10:10:55","guid":{"rendered":"https:\/\/casavacanzelafarfalla.com\/?page_id=1906"},"modified":"2025-06-18T09:28:18","modified_gmt":"2025-06-18T08:28:18","slug":"politique-en-matiere-de-cookies","status":"publish","type":"page","link":"https:\/\/casavacanzelafarfalla.com\/fr\/politique-en-matiere-de-cookies\/","title":{"rendered":"Politique en mati\u00e8re de cookies"},"content":{"rendered":"<div class=\"wp-block-columns is-layout-flex wp-container-core-columns-is-layout-9d6595d7 wp-block-columns-is-layout-flex\">\n<div class=\"wp-block-column is-vertically-aligned-center is-layout-flow wp-block-column-is-layout-flow\">\n<h1 class=\"wp-block-heading has-text-align-center\" id=\"g4aff41a2a9cc\"><strong>casavacanzelafarfalla.com<\/strong><\/h1>\n\n\n\n<h4 class=\"wp-block-heading has-text-align-center\" id=\"g959884b33f3a\">Benvenuto nella Cookie Policy di casavacanzelafarfalla.com. Questa policy ti aiuter\u00e0 a comprendere quali cookie e tecnologie di tracciamento utilizziamo, come li utilizziamo e quali sono i tuoi diritti in merito.<\/h4>\n\n\n\n<p class=\"has-text-align-center\">Derni\u00e8re mise \u00e0 jour : 6 mai 2025<\/p>\n<\/div>\n<\/div>\n\n\n\n<div style=\"height:50px\" aria-hidden=\"true\" class=\"wp-block-spacer\"><\/div>\n\n\n\n<div class=\"mobile-toc-select-wrapper\">\n  <select id=\"mobile-toc-select\">\n    <option value=\"\">Aller \u00e0 la section...<\/option>\n    <option value=\"#g065b84f91c7e\">Introduction<\/option>\n    <option value=\"#g8aadb46dacb9\">Responsable du Traitement des Donn\u00e9es<\/option>\n    <option value=\"#g065b84f91c7e\">Comment cette application utilise des outils de suivi<\/option>\n      \n\t\t<option value=\"#gb0a3f0bfff64\">\u21b3 Necessari<\/option>\n\t\n\t<option value=\"#cookie-policy\">Comment g\u00e9rer les pr\u00e9f\u00e9rences et donner ou r\u00e9voquer le consentement sur cette application ?<\/option>\n\t\t\n\t\t<option value=\"#g759521d2543b\">\u21b3 Come controllare o eliminare Cookie e tecnologie simili tramite le impostazioni del tuo dispositivo<\/option>\n\t\t<option value=\"#g0b1c81a455cd\">\u21b3 Conseguenze legate al rifiuto dell&#8217;utilizzo di Strumenti di Tracciamento<\/option>\n\t\n\t<option value=\"#gbe214c3dc01a\">D\u00e9finitions et r\u00e9f\u00e9rences l\u00e9gales<\/option>\n\t\n\t\t<option value=\"#g547029901d38\">\u21b3 Donn\u00e9es personnelles (ou donn\u00e9es)<\/option>\n\t\t<option value=\"#gccd9b143e82c\">\u21b3 Donn\u00e9es d'utilisation<\/option>\n\t\t<option value=\"#g3986cd849b94\">\u21b3 Utilisateur<\/option>\n\t\t<option value=\"#g33f796a362db\">\u21b3 Int\u00e9ress\u00e9<\/option>\n\t\t<option value=\"#gbacb9ce7402d\">\u21b3 Responsabile del Trattamento (ou Responsable)<\/option>\n\t\t<option value=\"#gc4347d00580c\">\u21b3 Titre du traitement (ou Titre)<\/option> \n\t\t<option value=\"#gfc9c37352010\">\u21b3 Cette application<\/option> \n\t\t<option value=\"#g8ca353264821\">\u21b3 Service<\/option> \n\t\t<option value=\"#gc06b805f3816\">\u21b3 Union europ\u00e9enne (ou UE)<\/option> \t\t\n\t\t\t\t\n\t<option value=\"#gbd43b5e835db\">R\u00e9f\u00e9rences l\u00e9gales<\/option>\n\t \n  <\/select>\n<\/div>\n\n\n\n<div class=\"wp-block-columns alignwide is-layout-flex wp-container-core-columns-is-layout-9d6595d7 wp-block-columns-is-layout-flex\">\n<div class=\"wp-block-column toc-sticky is-layout-flow wp-block-column-is-layout-flow\" style=\"flex-basis:33.33%\">\n<h2 class=\"wp-block-heading\" id=\"g4af55ef35fee\">R\u00e9sum\u00e9<\/h2>\n\n\n\n<div class=\"wp-block-getwid-table-of-contents alignwide is-style-unordered\"><ul class=\"wp-block-getwid-table-of-contents__list\"><li><a href=\"#g4af55ef35fee\">R\u00e9sum\u00e9<\/a><\/li><li><a href=\"#g065b84f91c7e\">Introduction<\/a><\/li><li><a href=\"#g8aadb46dacb9\">Responsable du Traitement des Donn\u00e9es<\/a><\/li><li><a href=\"#g065b84f91c7e\">Comment cette application utilise des outils de suivi<\/a><ul><li><a href=\"#gb0a3f0bfff64\">N\u00e9cessaire<\/a><\/li><\/ul><\/li><li><a href=\"#cookie-policy\">Comment g\u00e9rer les pr\u00e9f\u00e9rences et donner ou r\u00e9voquer le consentement sur cette application ?<\/a><ul><li><a href=\"#g759521d2543b\">Comment contr\u00f4ler ou supprimer les cookies et les technologies similaires via les param\u00e8tres de votre appareil ?<\/a><\/li><li><a href=\"#g0b1c81a455cd\">Conseguenze legate al rifiuto dell&#8217;utilizzo di Strumenti di Tracciamento<\/a><\/li><\/ul><\/li><li><a href=\"#gbe214c3dc01a\">D\u00e9finitions et r\u00e9f\u00e9rences l\u00e9gales<\/a><ul><li><a href=\"#g547029901d38\">Donn\u00e9es personnelles (ou donn\u00e9es)<\/a><\/li><li><a href=\"#gccd9b143e82c\">Donn\u00e9es d'utilisation<\/a><\/li><li><a href=\"#g3986cd849b94\">Utilisateur<\/a><\/li><li><a href=\"#g33f796a362db\">Int\u00e9ress\u00e9<\/a><\/li><li><a href=\"#gbacb9ce7402d\">Responsabile del Trattamento (ou Responsable)<\/a><\/li><li><a href=\"#gc4347d00580c\">Titre du traitement (ou Titre)<\/a><\/li><li><a href=\"#gfc9c37352010\">Cette application<\/a><\/li><li><a href=\"#g8ca353264821\">Service<\/a><\/li><li><a href=\"#gc06b805f3816\">Union europ\u00e9enne (ou UE)<\/a><\/li><\/ul><\/li><li><a href=\"#gbd43b5e835db\">R\u00e9f\u00e9rences l\u00e9gales<\/a><\/li><\/ul><\/div>\n<\/div>\n\n\n\n<div class=\"wp-block-column is-layout-flow wp-block-column-is-layout-flow\" style=\"flex-basis:66.66%\">\n<h2 class=\"wp-block-heading\" id=\"g065b84f91c7e\">Introduction<\/h2>\n\n\n\n<p>Questo documento contiene informazioni in merito alle tecnologie che consentono a questa Applicazione di raggiungere gli scopi descritti di seguito. Tali tecnologie permettono al Titolare di raccogliere e salvare informazioni (per esempio tramite l\u2019utilizzo di Cookie) o di utilizzare risorse (per esempio eseguendo uno script) sul dispositivo dell\u2019Utente quando quest\u2019ultimo interagisce con questa Applicazione.<\/p>\n\n\n\n<p>Per semplicit\u00e0, in questo documento tali tecnologie sono sinteticamente definite \u201cStrumenti di Tracciamento\u201d, salvo vi sia ragione di differenziare.<br>Per esempio, sebbene i Cookie possano essere usati in browser sia web sia mobili, sarebbe fuori luogo parlare di Cookie nel contesto di applicazioni per dispositivi mobili, dal momento che si tratta di Strumenti di Tracciamento che richiedono la presenza di un browser. Per questo motivo, all\u2019interno di questo documento il termine Cookie \u00e8 utilizzato solo per indicare in modo specifico quel particolare tipo di Strumento di Tracciamento.<\/p>\n\n\n\n<p>Alcune delle finalit\u00e0 per le quali vengono impiegati Strumenti di Tracciamento potrebbero, inoltre richiedere il consenso dell\u2019Utente. Se viene prestato il consenso, esso pu\u00f2 essere revocato liberamente in qualsiasi momento seguendo le istruzioni contenute in questo documento.<\/p>\n\n\n\n<p>Questa Applicazione utilizza solo Strumenti di Tracciamento gestiti direttamente dal Titolare (comunemente detti Strumenti di Tracciamento \u201cdi prima parte\u201d).<br>Durata e scadenza dei Cookie di prima parte e degli altri Strumenti di Tracciamento simili possono variare a seconda di quanto impostato dal Titolare. Alcuni di essi scadono al termine della sessione di navigazione dell\u2019Utente.<\/p>\n\n\n\n<hr class=\"wp-block-separator has-alpha-channel-opacity\"\/>\n\n\n\n<h2 class=\"wp-block-heading\" id=\"g8aadb46dacb9\">Responsable du Traitement des Donn\u00e9es<\/h2>\n\n\n\n<p>La Farfalla | Dominique Monti<br>Via Cafaggio 5 \u2013 56028<br>San Miniato, Pisa (Italie)<\/p>\n\n\n\n<p>P.iva: 06987190961<br>Cin: IT050032C2AGZ3ZWW4<br>Pec: dominiquefulvio.monti@pec.it<\/p>\n\n\n\n<p><strong>Adresse e-mail du responsable du traitement des donn\u00e9es :<\/strong>&nbsp;info@casavacanzelafarfalla.com<\/p>\n\n\n\n<hr class=\"wp-block-separator has-alpha-channel-opacity\"\/>\n\n\n\n<h2 class=\"wp-block-heading\" id=\"g065b84f91c7e\">Comment cette application utilise des outils de suivi<\/h2>\n\n\n\n<h3 class=\"wp-block-heading\" id=\"gb0a3f0bfff64\">N\u00e9cessaire<\/h3>\n\n\n\n<p>Questa Applicazione utilizza Cookie comunemente detti \u201ctecnici\u201d o altri Strumenti di Tracciamento analoghi per svolgere attivit\u00e0 strettamente necessarie a garantire il funzionamento o la fornitura del Servizio.<\/p>\n\n\n\n<hr class=\"wp-block-separator has-alpha-channel-opacity\"\/>\n\n\n\n<h2 class=\"wp-block-heading\" id=\"cookie-policy\">Comment g\u00e9rer les pr\u00e9f\u00e9rences et donner ou r\u00e9voquer le consentement sur cette application ?<\/h2>\n\n\n\n<p>Qualora l\u2019utilizzo dei Tracker sia basato sul consenso, l\u2019Utente pu\u00f2 fornire o revocare tale consenso impostando o aggiornando le proprie preferenze tramite il relativo pannello delle scelte in materia di privacy disponibile su questa Applicazione.<\/p>\n\n\n\n<h3 class=\"wp-block-heading\" id=\"g759521d2543b\">Comment contr\u00f4ler ou supprimer les cookies et les technologies similaires via les param\u00e8tres de votre appareil ?<\/h3>\n\n\n\n<p>Les utilisateurs peuvent utiliser les param\u00e8tres de leur navigateur pour<\/p>\n\n\n\n<ul class=\"wp-block-list\">\n<li>Voir quels cookies ou autres technologies similaires ont \u00e9t\u00e9 install\u00e9s sur l'appareil ;<\/li>\n\n\n\n<li>Bloquer les cookies ou les technologies similaires ;<\/li>\n\n\n\n<li>Supprimer les cookies ou technologies similaires de votre navigateur.<\/li>\n<\/ul>\n\n\n\n<p>Les param\u00e8tres du navigateur ne permettent toutefois pas un contr\u00f4le granulaire du consentement par cat\u00e9gorie.<\/p>\n\n\n\n<p>Gli Utenti possono, per esempio, trovare informazioni su come gestire i Cookie in alcuni dei browser pi\u00f9 diffusi ai seguenti indirizzi:<\/p>\n\n\n\n<ul class=\"wp-block-list\">\n<li><a href=\"https:\/\/support.google.com\/chrome\/answer\/95647?hl=it&amp;p=cpn_cookies\" target=\"_blank\" rel=\"noreferrer noopener\">Google Chrome<\/a><\/li>\n\n\n\n<li><a href=\"https:\/\/support.mozilla.org\/it\/kb\/Attivare%20e%20disattivare%20i%20cookie\" target=\"_blank\" rel=\"noreferrer noopener\">Mozilla Firefox<\/a><\/li>\n\n\n\n<li><a href=\"https:\/\/support.apple.com\/it-it\/guide\/safari\/manage-cookies-and-website-data-sfri11471\/\" target=\"_blank\" rel=\"noreferrer noopener\">Apple Safari<\/a><\/li>\n\n\n\n<li><a href=\"http:\/\/windows.microsoft.com\/it-it\/windows-vista\/block-or-allow-cookies\" target=\"_blank\" rel=\"noreferrer noopener\">Microsoft Internet Explorer<\/a><\/li>\n\n\n\n<li><a href=\"https:\/\/support.microsoft.com\/it-it\/help\/4027947\" target=\"_blank\" rel=\"noreferrer noopener\">Microsoft Edge<\/a><\/li>\n\n\n\n<li><a href=\"https:\/\/support.brave.com\/hc\/articles\/360022806212-How-do-I-use-Shields-while-browsing\" target=\"_blank\" rel=\"noreferrer noopener\">Courageux<\/a><\/li>\n\n\n\n<li><a href=\"https:\/\/help.opera.com\/latest\/web-preferences\/#cookies\" target=\"_blank\" rel=\"noreferrer noopener\">Op\u00e9ra<\/a><\/li>\n<\/ul>\n\n\n\n<p>Gli Utenti possono inoltre gestire alcuni Strumenti di Tracciamento per applicazioni mobili disattivandoli tramite le apposite impostazioni del dispositivo, quali le impostazioni di pubblicit\u00e0 per dispositivi mobili o le impostazioni relative al tracciamento in generale (gli Utenti possono consultare le impostazioni del dispositivo per individuare quella pertinente).<\/p>\n\n\n\n<h3 class=\"wp-block-heading\" id=\"g0b1c81a455cd\">Conseguenze legate al rifiuto dell&#8217;utilizzo di Strumenti di Tracciamento<\/h3>\n\n\n\n<p>Gli Utenti sono liberi di decidere se permettere o meno l&#8217;utilizzo di Strumenti di Tracciamento. Tuttavia, si noti che gli Strumenti di Tracciamento consentono a questa Applicazione di fornire agli Utenti un&#8217;esperienza migliore e funzionalit\u00e0 avanzate (in linea con le finalit\u00e0 delineate nel presente documento). Pertanto, qualora l&#8217;Utente decida di bloccare l&#8217;utilizzo di Strumenti di Tracciamento, il Titolare potrebbe non essere in grado di fornire le relative funzionalit\u00e0.<\/p>\n\n\n\n<hr class=\"wp-block-separator has-alpha-channel-opacity\"\/>\n\n\n\n<h2 class=\"wp-block-heading\" id=\"gbe214c3dc01a\">D\u00e9finitions et r\u00e9f\u00e9rences l\u00e9gales<\/h2>\n\n\n\n<h3 class=\"wp-block-heading\" id=\"g547029901d38\">Donn\u00e9es personnelles (ou donn\u00e9es)<\/h3>\n\n\n\n<p>Les donn\u00e9es \u00e0 caract\u00e8re personnel sont toutes les informations qui, directement ou indirectement, m\u00eame en relation avec d'autres informations, y compris un num\u00e9ro d'identification personnel, permettent d'identifier ou de reconna\u00eetre une personne physique.<\/p>\n\n\n\n<h3 class=\"wp-block-heading\" id=\"gccd9b143e82c\">Donn\u00e9es d'utilisation<\/h3>\n\n\n\n<p>Sono le informazioni raccolte automaticamente attraverso questa Applicazione (anche da applicazioni di parti terze integrate in questa Applicazione), tra cui: gli indirizzi IP o i nomi a dominio dei computer utilizzati dall\u2019Utente che si connette con questa Applicazione, gli indirizzi in notazione URI (Uniform Resource Identifier), l\u2019orario della richiesta, il metodo utilizzato nell\u2019inoltrare la richiesta al server, la dimensione del file ottenuto in risposta, il codice numerico indicante lo stato della risposta dal server (buon fine, errore, ecc.) il paese di provenienza, le caratteristiche del browser e del sistema operativo utilizzati dal visitatore, le varie connotazioni temporali della visita (ad esempio il tempo di permanenza su ciascuna pagina) e i dettagli relativi all\u2019itinerario seguito all\u2019interno dell\u2019Applicazione, con particolare riferimento alla sequenza delle pagine consultate, ai parametri relativi al sistema operativo e all\u2019ambiente informatico dell\u2019Utente.<\/p>\n\n\n\n<h3 class=\"wp-block-heading\" id=\"g3986cd849b94\">Utilisateur<\/h3>\n\n\n\n<p>L&#8217;individuo che utilizza questa Applicazione che, salvo ove diversamente specificato, coincide con l&#8217;Interessato.<\/p>\n\n\n\n<h3 class=\"wp-block-heading\" id=\"g33f796a362db\">Int\u00e9ress\u00e9<\/h3>\n\n\n\n<p>La personne physique \u00e0 laquelle se r\u00e9f\u00e8rent les donn\u00e9es \u00e0 caract\u00e8re personnel.<\/p>\n\n\n\n<h3 class=\"wp-block-heading\" id=\"gbacb9ce7402d\">Responsabile del Trattamento (ou Responsable)<\/h3>\n\n\n\n<p>La personne physique, l'entit\u00e9 juridique, l'administration publique et toute autre entit\u00e9 qui traite des donn\u00e9es \u00e0 caract\u00e8re personnel pour le compte du contr\u00f4leur, comme indiqu\u00e9 dans la pr\u00e9sente politique de confidentialit\u00e9.<\/p>\n\n\n\n<h3 class=\"wp-block-heading\" id=\"gc4347d00580c\">Titre du traitement (ou Titre)<\/h3>\n\n\n\n<p>La persona fisica o giuridica, l&#8217;autorit\u00e0 pubblica, il servizio o altro organismo che, singolarmente o insieme ad altri, determina le finalit\u00e0 e i mezzi del trattamento di dati personali e gli strumenti adottati, ivi comprese le misure di sicurezza relative al funzionamento ed alla fruizione di questa Applicazione. Il Titolare del Trattamento, salvo quanto diversamente specificato, \u00e8 il titolare di questa Applicazione.<\/p>\n\n\n\n<h3 class=\"wp-block-heading\" id=\"gfc9c37352010\">Cette application<\/h3>\n\n\n\n<p>L'outil mat\u00e9riel ou logiciel par lequel les donn\u00e9es personnelles des utilisateurs sont collect\u00e9es et trait\u00e9es.<\/p>\n\n\n\n<h3 class=\"wp-block-heading\" id=\"g8ca353264821\">Service<\/h3>\n\n\n\n<p>Il Servizio fornito da questa Applicazione cos\u00ec come definito nei relativi termini (se presenti) su questo sito\/applicazione.<\/p>\n\n\n\n<h3 class=\"wp-block-heading\" id=\"gc06b805f3816\">Union europ\u00e9enne (ou UE)<\/h3>\n\n\n\n<p>Salvo ove diversamente specificato, ogni riferimento all\u2019Unione Europea contenuto in questo documento si intende esteso a tutti gli attuali stati membri dell\u2019Unione Europea e dello Spazio Economico Europeo.<\/p>\n\n\n\n<hr class=\"wp-block-separator has-alpha-channel-opacity\"\/>\n\n\n\n<h2 class=\"wp-block-heading\" id=\"gbd43b5e835db\">R\u00e9f\u00e9rences l\u00e9gales<\/h2>\n\n\n\n<p>Sauf indication contraire, la pr\u00e9sente politique de confidentialit\u00e9 concerne exclusivement cette application.<\/p>\n<\/div>\n<\/div>\n\n\n\n<script>\n  document.addEventListener('DOMContentLoaded', function () {\n    const select = document.getElementById('mobile-toc-select');\n    select.addEventListener('change', function () {\n      const target = this.value;\n      if (target) {\n        const element = document.querySelector(target);\n        if (element) {\n          element.scrollIntoView({ behavior: 'smooth' });\n        }\n      }\n    });\n  });\n<\/script>","protected":false},"excerpt":{"rendered":"<p>casavacanzelafarfalla.com Benvenuto nella Cookie Policy di casavacanzelafarfalla.com. Questa policy ti aiuter\u00e0 a comprendere quali cookie e tecnologie di tracciamento utilizziamo, come li utilizziamo e quali sono i tuoi diritti in merito. Ultima modifica: 6 maggio 2025 Vai alla Sezione&#8230;IntroduzioneTitolare del Trattamento dei DatiCome questa Applicazione utilizza gli Strumenti di Tracciamento\u21b3 NecessariCome gestire le preferenze e [&hellip;]<\/p>\n","protected":false},"author":1,"featured_media":0,"parent":0,"menu_order":0,"comment_status":"closed","ping_status":"closed","template":"","meta":{"_seopress_robots_primary_cat":"","_seopress_titles_title":"","_seopress_titles_desc":"","_seopress_robots_index":"yes","inline_featured_image":false,"footnotes":""},"class_list":["post-1906","page","type-page","status-publish","hentry"],"_links":{"self":[{"href":"https:\/\/casavacanzelafarfalla.com\/fr\/wp-json\/wp\/v2\/pages\/1906","targetHints":{"allow":["GET"]}}],"collection":[{"href":"https:\/\/casavacanzelafarfalla.com\/fr\/wp-json\/wp\/v2\/pages"}],"about":[{"href":"https:\/\/casavacanzelafarfalla.com\/fr\/wp-json\/wp\/v2\/types\/page"}],"author":[{"embeddable":true,"href":"https:\/\/casavacanzelafarfalla.com\/fr\/wp-json\/wp\/v2\/users\/1"}],"replies":[{"embeddable":true,"href":"https:\/\/casavacanzelafarfalla.com\/fr\/wp-json\/wp\/v2\/comments?post=1906"}],"version-history":[{"count":6,"href":"https:\/\/casavacanzelafarfalla.com\/fr\/wp-json\/wp\/v2\/pages\/1906\/revisions"}],"predecessor-version":[{"id":2164,"href":"https:\/\/casavacanzelafarfalla.com\/fr\/wp-json\/wp\/v2\/pages\/1906\/revisions\/2164"}],"wp:attachment":[{"href":"https:\/\/casavacanzelafarfalla.com\/fr\/wp-json\/wp\/v2\/media?parent=1906"}],"curies":[{"name":"wp","href":"https:\/\/api.w.org\/{rel}","templated":true}]}}