{"id":1317,"date":"2025-05-01T05:50:22","date_gmt":"2025-05-01T05:50:22","guid":{"rendered":"https:\/\/casavacanzelafarfalla.com\/?page_id=1317"},"modified":"2025-06-17T23:39:09","modified_gmt":"2025-06-17T22:39:09","slug":"excursions-2","status":"publish","type":"page","link":"https:\/\/casavacanzelafarfalla.com\/fr\/excursions-2\/","title":{"rendered":"Excursions"},"content":{"rendered":"\n<div class=\"wp-block-columns alignwide are-vertically-aligned-center has-2-columns is-layout-flex wp-container-core-columns-is-layout-9d6595d7 wp-block-columns-is-layout-flex\">\n<div class=\"wp-block-column is-vertically-aligned-center is-layout-flow wp-block-column-is-layout-flow\">\n<h3 class=\"wp-block-heading alignwide\">Cosa c&#8217;\u00e8 in zona<\/h3>\n\n\n\n<div style=\"overflow-x:auto;\">\n  <table style=\"width:100%; border-collapse:collapse; border:none;\">\n    <tbody>\n      <tr>\n        <td style=\"width:80%; padding:3px; text-align:left;\">Pieve dei Santi Pietro e Paolo<\/td>\n        <td style=\"width:20%; padding:3px; text-align:right;\">6 km<\/td>\n      <\/tr>\n      <tr>\n        <td style=\"width:80%; padding:3px; text-align:left;\">Campo Gara di Granaiolo<\/td>\n        <td style=\"width:20%; padding:3px; text-align:right;\">9 km<\/td>\n      <\/tr>\n      <tr>\n        <td style=\"width:80%; padding:3px; text-align:left;\">Giardino delle Antiche Mura<\/td>\n        <td style=\"width:20%; padding:3px; text-align:right;\">12 km<\/td>\n      <\/tr>\n\n<tr>\n        <td style=\"width:80%; padding:3px; text-align:left;\">Chiesa di San Pietro in Riottoli<\/td>\n        <td style=\"width:20%; padding:3px; text-align:right;\">13 km<\/td>\n      <\/tr>\n\n<tr>\n        <td style=\"width:80%; padding:3px; text-align:left;\">Eremo San Martino<\/td>\n        <td style=\"width:20%; padding:3px; text-align:right;\">13 km<\/td>\n      <\/tr>\n\n<tr>\n        <td style=\"width:80%; padding:3px; text-align:left;\">Parco di Serravalle<\/td>\n        <td style=\"width:20%; padding:3px; text-align:right;\">14 km<\/td>\n      <\/tr>\n\n<tr>\n        <td style=\"width:80%; padding:3px; text-align:left;\">Pieve di San Giovanni<\/td>\n        <td style=\"width:20%; padding:3px; text-align:right;\">15 km<\/td>\n      <\/tr>\n\n<tr>\n        <td style=\"width:80%; padding:3px; text-align:left;\">Villa Medicea di Cerreto Guidi &#8211; World Heritage Site<\/td>\n        <td style=\"width:20%; padding:3px; text-align:right;\">15 km<\/td>\n      <\/tr>\n    <\/tbody>\n  <\/table>\n<\/div>\n\n\n\n<h3 class=\"wp-block-heading alignwide\">Bellezze della natura<\/h3>\n\n\n\n<div style=\"overflow-x:auto;\">\n  <table style=\"width:100%; border-collapse:collapse; border:none;\">\n    <tbody>\n      <tr>\n        <td style=\"width:80%; padding:3px; text-align:left;\">Boschi di Germagnana e Montalto<\/td>\n        <td style=\"width:20%; padding:3px; text-align:right;\">13 km<\/td>\n      <\/tr>\n    <\/tbody>\n  <\/table>\n<\/div>\n<\/div>\n\n\n\n<div class=\"wp-block-column is-vertically-aligned-center is-layout-flow wp-block-column-is-layout-flow\">\t\t<div\n            id=\"wpmapblock_69c7f4c0\"\n            data-settings='{&quot;map_marker&quot;:[{&quot;id&quot;:&quot;0&quot;,&quot;lat&quot;:&quot;43.6429295&quot;,&quot;lng&quot;:&quot;11.0754190&quot;,&quot;title&quot;:&quot;Casa Vacanze La Farfalla&quot;,&quot;content&quot;:&quot;&quot;,&quot;iconType&quot;:&quot;custom&quot;,&quot;customIconUrl&quot;:&quot;https:\\\/\\\/casavacanzelafarfalla.com\\\/wp-content\\\/uploads\\\/2025\\\/04\\\/pin.png&quot;,&quot;customIconWidth&quot;:&quot;40&quot;,&quot;customIconHeight&quot;:&quot;40&quot;},{&quot;id&quot;:&quot;1&quot;,&quot;lat&quot;:&quot;43.6204612&quot;,&quot;lng&quot;:&quot;10.9197762&quot;,&quot;title&quot;:&quot;Pieve dei Santi Pietro e Paolo&quot;,&quot;content&quot;:&quot;&quot;,&quot;iconType&quot;:&quot;default&quot;,&quot;customIconUrl&quot;:&quot;&quot;,&quot;customIconWidth&quot;:&quot;25&quot;,&quot;customIconHeight&quot;:&quot;40&quot;},{&quot;id&quot;:&quot;2&quot;,&quot;lat&quot;:&quot;43.6466514&quot;,&quot;lng&quot;:&quot;10.9438426&quot;,&quot;title&quot;:&quot;Campo Gara di Granaiolo&quot;,&quot;content&quot;:&quot;&quot;,&quot;iconType&quot;:&quot;default&quot;,&quot;customIconUrl&quot;:&quot;&quot;,&quot;customIconWidth&quot;:&quot;25&quot;,&quot;customIconHeight&quot;:&quot;40&quot;},{&quot;id&quot;:&quot;3&quot;,&quot;lat&quot;:&quot;43.7708987&quot;,&quot;lng&quot;:&quot;11.0297013&quot;,&quot;title&quot;:&quot;Giardino delle antiche mura&quot;,&quot;content&quot;:&quot;&quot;,&quot;iconType&quot;:&quot;default&quot;,&quot;customIconUrl&quot;:&quot;&quot;,&quot;customIconWidth&quot;:&quot;25&quot;,&quot;customIconHeight&quot;:&quot;40&quot;},{&quot;id&quot;:&quot;4&quot;,&quot;lat&quot;:&quot;43.7278984&quot;,&quot;lng&quot;:&quot;10.915288&quot;,&quot;title&quot;:&quot;Chiesa di San Pietro in Riottoli&quot;,&quot;content&quot;:&quot;&quot;,&quot;iconType&quot;:&quot;default&quot;,&quot;customIconUrl&quot;:&quot;&quot;,&quot;customIconWidth&quot;:&quot;25&quot;,&quot;customIconHeight&quot;:&quot;40&quot;},{&quot;id&quot;:&quot;5&quot;,&quot;lat&quot;:&quot;43.6225234&quot;,&quot;lng&quot;:&quot;10.7888635&quot;,&quot;title&quot;:&quot;Chiesa Eremo San Martino&quot;,&quot;content&quot;:&quot;&quot;,&quot;iconType&quot;:&quot;default&quot;,&quot;customIconUrl&quot;:&quot;&quot;,&quot;customIconWidth&quot;:&quot;25&quot;,&quot;customIconHeight&quot;:&quot;40&quot;},{&quot;id&quot;:&quot;6&quot;,&quot;lat&quot;:&quot;43.7267321&quot;,&quot;lng&quot;:&quot;10.9618391&quot;,&quot;title&quot;:&quot;Parco di Serravalle&quot;,&quot;content&quot;:&quot;&quot;,&quot;iconType&quot;:&quot;default&quot;,&quot;customIconUrl&quot;:&quot;&quot;,&quot;customIconWidth&quot;:&quot;25&quot;,&quot;customIconHeight&quot;:&quot;40&quot;},{&quot;id&quot;:&quot;7&quot;,&quot;lat&quot;:&quot;43.672519&quot;,&quot;lng&quot;:&quot;10.822353&quot;,&quot;title&quot;:&quot;Pieve di San Giovanni&quot;,&quot;content&quot;:&quot;&quot;,&quot;iconType&quot;:&quot;default&quot;,&quot;customIconUrl&quot;:&quot;&quot;,&quot;customIconWidth&quot;:&quot;25&quot;,&quot;customIconHeight&quot;:&quot;40&quot;},{&quot;id&quot;:&quot;8&quot;,&quot;lat&quot;:&quot;43.7586361&quot;,&quot;lng&quot;:&quot;10.8764447&quot;,&quot;title&quot;:&quot;Villa Medicea di Cerreto Guidi&quot;,&quot;content&quot;:&quot;&quot;,&quot;iconType&quot;:&quot;default&quot;,&quot;customIconUrl&quot;:&quot;&quot;,&quot;customIconWidth&quot;:&quot;25&quot;,&quot;customIconHeight&quot;:&quot;40&quot;},{&quot;id&quot;:&quot;10&quot;,&quot;lat&quot;:&quot;43.6391766&quot;,&quot;lng&quot;:&quot;10.7983189&quot;,&quot;title&quot;:&quot;Boschi di Germagnana e Montalto&quot;,&quot;content&quot;:&quot;&quot;,&quot;iconType&quot;:&quot;default&quot;,&quot;customIconUrl&quot;:&quot;&quot;,&quot;customIconWidth&quot;:&quot;25&quot;,&quot;customIconHeight&quot;:&quot;40&quot;}],&quot;map_zoom&quot;:10,&quot;scroll_wheel_zoom&quot;:false,&quot;map_type&quot;:&quot;GM&quot;,&quot;center_index&quot;:0}'\n            class=\"wpmapblockrender\"\n            style=\"\n\t\t\twidth: 100%;\n\t\t\theight: 600px;\n\t\t\"\n            >\n        <\/div>\n        <\/div>\n<\/div>\n\n\n\n<div class=\"wp-block-columns alignwide has-2-columns is-layout-flex wp-container-core-columns-is-layout-9d6595d7 wp-block-columns-is-layout-flex\">\n<div class=\"wp-block-column is-layout-flow wp-block-column-is-layout-flow\">\n<div class=\"wp-block-getwid-banner has-animation-style6 has-foreground-40 alignwide\"><a href=\"#\" class=\"wp-block-getwid-banner__link\"><div class=\"wp-block-getwid-banner__wrapper\"><img alt=\"\" loading=\"lazy\" decoding=\"async\" width=\"1280\" height=\"720\" src=\"https:\/\/casavacanzelafarfalla.com\/wp-content\/uploads\/2025\/04\/4652638e-d300-45fc-8faf-bee0b7b41f34.png\" alt=\"\" class=\"wp-block-getwid-banner__image wp-block-getwid-banner__source wp-image-1319\" srcset=\"https:\/\/casavacanzelafarfalla.com\/wp-content\/uploads\/2025\/04\/4652638e-d300-45fc-8faf-bee0b7b41f34.png 1280w, https:\/\/casavacanzelafarfalla.com\/wp-content\/uploads\/2025\/04\/4652638e-d300-45fc-8faf-bee0b7b41f34-300x169.png 300w, https:\/\/casavacanzelafarfalla.com\/wp-content\/uploads\/2025\/04\/4652638e-d300-45fc-8faf-bee0b7b41f34-1024x576.png 1024w, https:\/\/casavacanzelafarfalla.com\/wp-content\/uploads\/2025\/04\/4652638e-d300-45fc-8faf-bee0b7b41f34-768x432.png 768w, https:\/\/casavacanzelafarfalla.com\/wp-content\/uploads\/2025\/04\/4652638e-d300-45fc-8faf-bee0b7b41f34-18x10.png 18w, https:\/\/casavacanzelafarfalla.com\/wp-content\/uploads\/2025\/04\/4652638e-d300-45fc-8faf-bee0b7b41f34-1170x658.png 1170w\" sizes=\"auto, (max-width: 1280px) 100vw, 1280px\" \/><div class=\"wp-block-getwid-banner__caption\"><div class=\"wp-block-getwid-banner__caption-wrapper\"><span class=\"wp-block-getwid-banner__title\"><strong>Tour Mountain Bike <\/strong><\/span><\/div><\/div><\/div><\/a><\/div>\n<\/div>\n\n\n\n<div class=\"wp-block-column is-layout-flow wp-block-column-is-layout-flow\">\n<div class=\"wp-block-getwid-banner has-animation-style6 has-foreground-0 alignwide\"><a href=\"#\" class=\"wp-block-getwid-banner__link\"><div class=\"wp-block-getwid-banner__wrapper\"><img alt=\"\" loading=\"lazy\" decoding=\"async\" width=\"1280\" height=\"720\" src=\"https:\/\/casavacanzelafarfalla.com\/wp-content\/uploads\/2025\/05\/3b0bbc4f-1f67-44a7-8345-908ad75c92ac.png\" alt=\"\" class=\"wp-block-getwid-banner__image wp-block-getwid-banner__source wp-image-1333\" srcset=\"https:\/\/casavacanzelafarfalla.com\/wp-content\/uploads\/2025\/05\/3b0bbc4f-1f67-44a7-8345-908ad75c92ac.png 1280w, https:\/\/casavacanzelafarfalla.com\/wp-content\/uploads\/2025\/05\/3b0bbc4f-1f67-44a7-8345-908ad75c92ac-300x169.png 300w, https:\/\/casavacanzelafarfalla.com\/wp-content\/uploads\/2025\/05\/3b0bbc4f-1f67-44a7-8345-908ad75c92ac-1024x576.png 1024w, https:\/\/casavacanzelafarfalla.com\/wp-content\/uploads\/2025\/05\/3b0bbc4f-1f67-44a7-8345-908ad75c92ac-768x432.png 768w, https:\/\/casavacanzelafarfalla.com\/wp-content\/uploads\/2025\/05\/3b0bbc4f-1f67-44a7-8345-908ad75c92ac-18x10.png 18w, https:\/\/casavacanzelafarfalla.com\/wp-content\/uploads\/2025\/05\/3b0bbc4f-1f67-44a7-8345-908ad75c92ac-1170x658.png 1170w\" sizes=\"auto, (max-width: 1280px) 100vw, 1280px\" \/><div class=\"wp-block-getwid-banner__caption\"><div class=\"wp-block-getwid-banner__caption-wrapper\"><span class=\"wp-block-getwid-banner__title\"><strong>Tour a Cavallo<\/strong><\/span><\/div><\/div><\/div><\/a><\/div>\n<\/div>\n<\/div>\n\n\n\n<div class=\"wp-block-columns alignwide are-vertically-aligned-center is-layout-flex wp-container-core-columns-is-layout-9d6595d7 wp-block-columns-is-layout-flex\">\n<div class=\"wp-block-column is-vertically-aligned-center is-layout-flow wp-block-column-is-layout-flow\">\n<div class=\"wp-block-getwid-banner has-animation-style2 has-foreground-45 alignwide\"><a href=\"#\" target=\"_blank\" rel=\"noreferrer noopener\" class=\"wp-block-getwid-banner__link\"><div class=\"wp-block-getwid-banner__wrapper\"><img alt=\"\" loading=\"lazy\" decoding=\"async\" width=\"1280\" height=\"720\" src=\"https:\/\/casavacanzelafarfalla.com\/wp-content\/uploads\/2025\/04\/185ea8d0-8b21-42ed-a16a-92767a42652d.png\" alt=\"\" class=\"wp-block-getwid-banner__image wp-block-getwid-banner__source wp-image-1320\" srcset=\"https:\/\/casavacanzelafarfalla.com\/wp-content\/uploads\/2025\/04\/185ea8d0-8b21-42ed-a16a-92767a42652d.png 1280w, https:\/\/casavacanzelafarfalla.com\/wp-content\/uploads\/2025\/04\/185ea8d0-8b21-42ed-a16a-92767a42652d-300x169.png 300w, https:\/\/casavacanzelafarfalla.com\/wp-content\/uploads\/2025\/04\/185ea8d0-8b21-42ed-a16a-92767a42652d-1024x576.png 1024w, https:\/\/casavacanzelafarfalla.com\/wp-content\/uploads\/2025\/04\/185ea8d0-8b21-42ed-a16a-92767a42652d-768x432.png 768w, https:\/\/casavacanzelafarfalla.com\/wp-content\/uploads\/2025\/04\/185ea8d0-8b21-42ed-a16a-92767a42652d-18x10.png 18w, https:\/\/casavacanzelafarfalla.com\/wp-content\/uploads\/2025\/04\/185ea8d0-8b21-42ed-a16a-92767a42652d-1170x658.png 1170w\" sizes=\"auto, (max-width: 1280px) 100vw, 1280px\" \/><div class=\"wp-block-getwid-banner__caption\"><div class=\"wp-block-getwid-banner__caption-wrapper\"><span class=\"wp-block-getwid-banner__title\"><strong>Tour Barca a Vela<\/strong><\/span><p class=\"wp-block-getwid-banner__text\">Marina di Pisa<\/p><\/div><\/div><\/div><\/a><\/div>\n<\/div>\n<\/div>\n\n\n\n<div class=\"wp-block-columns alignwide has-2-columns is-layout-flex wp-container-core-columns-is-layout-9d6595d7 wp-block-columns-is-layout-flex\">\n<div class=\"wp-block-column is-layout-flow wp-block-column-is-layout-flow\">\n<div class=\"wp-block-getwid-banner has-animation-style5 has-foreground-45 alignwide\"><a href=\"#\" target=\"_blank\" rel=\"noreferrer noopener\" class=\"wp-block-getwid-banner__link\"><div class=\"wp-block-getwid-banner__wrapper\"><img alt=\"\" loading=\"lazy\" decoding=\"async\" width=\"1280\" height=\"720\" src=\"https:\/\/casavacanzelafarfalla.com\/wp-content\/uploads\/2025\/04\/dc38d4d5-54a1-4d66-9609-807db970e39d.png\" alt=\"\" class=\"wp-block-getwid-banner__image wp-block-getwid-banner__source wp-image-1321\" srcset=\"https:\/\/casavacanzelafarfalla.com\/wp-content\/uploads\/2025\/04\/dc38d4d5-54a1-4d66-9609-807db970e39d.png 1280w, https:\/\/casavacanzelafarfalla.com\/wp-content\/uploads\/2025\/04\/dc38d4d5-54a1-4d66-9609-807db970e39d-300x169.png 300w, https:\/\/casavacanzelafarfalla.com\/wp-content\/uploads\/2025\/04\/dc38d4d5-54a1-4d66-9609-807db970e39d-1024x576.png 1024w, https:\/\/casavacanzelafarfalla.com\/wp-content\/uploads\/2025\/04\/dc38d4d5-54a1-4d66-9609-807db970e39d-768x432.png 768w, https:\/\/casavacanzelafarfalla.com\/wp-content\/uploads\/2025\/04\/dc38d4d5-54a1-4d66-9609-807db970e39d-18x10.png 18w, https:\/\/casavacanzelafarfalla.com\/wp-content\/uploads\/2025\/04\/dc38d4d5-54a1-4d66-9609-807db970e39d-1170x658.png 1170w\" sizes=\"auto, (max-width: 1280px) 100vw, 1280px\" \/><div class=\"wp-block-getwid-banner__caption\"><div class=\"wp-block-getwid-banner__caption-wrapper\"><span class=\"wp-block-getwid-banner__title\"><strong>Degustazione<\/strong><br><strong>Vino | Olio<\/strong><\/span><p class=\"wp-block-getwid-banner__text\"> <\/p><\/div><\/div><\/div><\/a><\/div>\n<\/div>\n\n\n\n<div class=\"wp-block-column is-layout-flow wp-block-column-is-layout-flow\">\n<div class=\"wp-block-getwid-banner has-animation-style5 has-foreground-0\"><a href=\"#\" class=\"wp-block-getwid-banner__link\"><div class=\"wp-block-getwid-banner__wrapper\"><img alt=\"\" loading=\"lazy\" decoding=\"async\" width=\"1280\" height=\"720\" src=\"https:\/\/casavacanzelafarfalla.com\/wp-content\/uploads\/2025\/05\/9e43ff43-1673-4c08-807a-62298aaf7e07.png\" alt=\"\" class=\"wp-block-getwid-banner__image wp-block-getwid-banner__source wp-image-1358\" srcset=\"https:\/\/casavacanzelafarfalla.com\/wp-content\/uploads\/2025\/05\/9e43ff43-1673-4c08-807a-62298aaf7e07.png 1280w, https:\/\/casavacanzelafarfalla.com\/wp-content\/uploads\/2025\/05\/9e43ff43-1673-4c08-807a-62298aaf7e07-300x169.png 300w, https:\/\/casavacanzelafarfalla.com\/wp-content\/uploads\/2025\/05\/9e43ff43-1673-4c08-807a-62298aaf7e07-1024x576.png 1024w, https:\/\/casavacanzelafarfalla.com\/wp-content\/uploads\/2025\/05\/9e43ff43-1673-4c08-807a-62298aaf7e07-768x432.png 768w, https:\/\/casavacanzelafarfalla.com\/wp-content\/uploads\/2025\/05\/9e43ff43-1673-4c08-807a-62298aaf7e07-18x10.png 18w, https:\/\/casavacanzelafarfalla.com\/wp-content\/uploads\/2025\/05\/9e43ff43-1673-4c08-807a-62298aaf7e07-1170x658.png 1170w\" sizes=\"auto, (max-width: 1280px) 100vw, 1280px\" \/><div class=\"wp-block-getwid-banner__caption\"><div class=\"wp-block-getwid-banner__caption-wrapper\"><span class=\"wp-block-getwid-banner__title\"><strong>Ristorani<\/strong> \/ <strong>Agriturismo<\/strong><\/span><\/div><\/div><\/div><\/a><\/div>\n<\/div>\n<\/div>\n\n\n\n<div class=\"wp-block-buttons is-content-justification-center is-layout-flex wp-container-core-buttons-is-layout-16018d1d wp-block-buttons-is-layout-flex\">\n<div class=\"wp-block-button has-custom-width wp-block-button__width-100\"><a class=\"wp-block-button__link has-text-align-center wp-element-button\" href=\"https:\/\/casavacanzelafarfalla.com\/availability\/\">Verifica Disponibilit\u00e0<\/a><\/div>\n<\/div>\n\n\n\n<p><\/p>\n","protected":false},"excerpt":{"rendered":"<p>Casa Vacanze La Farfalla est le point de d\u00e9part id\u00e9al pour explorer les merveilles de la r\u00e9gion. Situ\u00e9 au c\u0153ur des collines toscanes, nous sommes entour\u00e9s de villages m\u00e9di\u00e9vaux, de villes d'art et de paysages naturels \u00e0 couper le souffle. A quelques kilom\u00e8tres, vous pourrez visiter San Miniato, c\u00e9l\u00e8bre pour son histoire et ses saveurs gastronomiques et \u0153nologiques, ou rejoindre les splendides villes de Florence, Pise et Sienne pour une plong\u00e9e dans la culture et l'art. <\/p>","protected":false},"author":1,"featured_media":0,"parent":0,"menu_order":0,"comment_status":"closed","ping_status":"closed","template":"","meta":{"_seopress_robots_primary_cat":"","_seopress_titles_title":"%%sitetitle%% %%sep%% Escursioni in Toscana","_seopress_titles_desc":"Scopri le escursioni tra colline, borghi e natura. Esperienze autentiche in Toscana con partenza da Casa Vacanze La Farfalla.","_seopress_robots_index":"","inline_featured_image":false,"footnotes":""},"class_list":["post-1317","page","type-page","status-publish","hentry"],"_links":{"self":[{"href":"https:\/\/casavacanzelafarfalla.com\/fr\/wp-json\/wp\/v2\/pages\/1317","targetHints":{"allow":["GET"]}}],"collection":[{"href":"https:\/\/casavacanzelafarfalla.com\/fr\/wp-json\/wp\/v2\/pages"}],"about":[{"href":"https:\/\/casavacanzelafarfalla.com\/fr\/wp-json\/wp\/v2\/types\/page"}],"author":[{"embeddable":true,"href":"https:\/\/casavacanzelafarfalla.com\/fr\/wp-json\/wp\/v2\/users\/1"}],"replies":[{"embeddable":true,"href":"https:\/\/casavacanzelafarfalla.com\/fr\/wp-json\/wp\/v2\/comments?post=1317"}],"version-history":[{"count":85,"href":"https:\/\/casavacanzelafarfalla.com\/fr\/wp-json\/wp\/v2\/pages\/1317\/revisions"}],"predecessor-version":[{"id":2081,"href":"https:\/\/casavacanzelafarfalla.com\/fr\/wp-json\/wp\/v2\/pages\/1317\/revisions\/2081"}],"wp:attachment":[{"href":"https:\/\/casavacanzelafarfalla.com\/fr\/wp-json\/wp\/v2\/media?parent=1317"}],"curies":[{"name":"wp","href":"https:\/\/api.w.org\/{rel}","templated":true}]}}