{"id":275,"date":"2019-06-12T11:33:03","date_gmt":"2019-06-12T11:33:03","guid":{"rendered":"https:\/\/themes.getmotopress.com\/luviana\/?page_id=275"},"modified":"2025-06-22T07:47:46","modified_gmt":"2025-06-22T06:47:46","slug":"servicios","status":"publish","type":"page","link":"https:\/\/casavacanzelafarfalla.com\/es\/servicios\/","title":{"rendered":"Servicios"},"content":{"rendered":"<div class=\"wp-block-getwid-section alignfull alignfull getwid-margin-top-none\" style=\"margin-bottom:90px\"><div class=\"wp-block-getwid-section__wrapper getwid-padding-top-none getwid-padding-bottom-normal getwid-padding-left-medium getwid-padding-right-medium getwid-padding-mobile-left-small getwid-padding-mobile-right-small\"><div class=\"wp-block-getwid-section__inner-wrapper\"><div class=\"wp-block-getwid-section__background-holder\"><div class=\"wp-block-getwid-section__background\"><\/div><div class=\"wp-block-getwid-section__foreground\"><\/div><\/div><div class=\"wp-block-getwid-section__content\"><div class=\"wp-block-getwid-section__inner-content\">\n<div class=\"wp-block-columns has-3-columns is-layout-flex wp-container-core-columns-is-layout-9d6595d7 wp-block-columns-is-layout-flex\">\n<div class=\"wp-block-column is-layout-flow wp-block-column-is-layout-flow\">\n<div class=\"wp-block-getwid-section\"><div class=\"wp-block-getwid-section__wrapper getwid-align-items-tablet-center getwid-align-items-mobile-center getwid-justify-content-tablet-center getwid-justify-content-mobile-center getwid-reset-min-height-mobile\"><div class=\"wp-block-getwid-section__inner-wrapper\"><div class=\"wp-block-getwid-section__background-holder\"><div class=\"wp-block-getwid-section__background\"><\/div><div class=\"wp-block-getwid-section__foreground\"><\/div><\/div><div class=\"wp-block-getwid-section__content\"><div class=\"wp-block-getwid-section__inner-content\">\n<div class=\"wp-block-getwid-icon-box has-text-center\"><div style=\"margin-bottom:-20px;margin-left:-20px\" class=\"wp-block-getwid-icon-box__icon-container is-position-top\"><div class=\"wp-block-getwid-icon-box__icon-wrapper has-text-color has-gold-color\" style=\"font-size:100px;padding:0px\"><i class=\"hotel-ico hotel-icon-24\"><\/i><\/div><\/div><div class=\"wp-block-getwid-icon-box__content\">\n<div class=\"wp-block-getwid-advanced-heading\" style=\"margin-bottom:20px\"><h4 class=\"wp-block-getwid-advanced-heading__content\">Piscina al aire libre<\/h4><\/div>\n\n\n\n<p>Rel\u00e1jese en nuestra piscina al aire libre, rodeado de la tranquilidad de la campi\u00f1a toscana. Un rinc\u00f3n tranquilo para refrescarse y disfrutar del sol con total serenidad.<\/p>\n<\/div><\/div>\n<\/div><\/div><\/div><\/div><\/div>\n<\/div>\n\n\n\n<div class=\"wp-block-column is-layout-flow wp-block-column-is-layout-flow\">\n<div class=\"wp-block-getwid-section\"><div class=\"wp-block-getwid-section__wrapper\"><div class=\"wp-block-getwid-section__inner-wrapper\"><div class=\"wp-block-getwid-section__background-holder\"><div class=\"wp-block-getwid-section__background\"><\/div><div class=\"wp-block-getwid-section__foreground\"><\/div><\/div><div class=\"wp-block-getwid-section__content\"><div class=\"wp-block-getwid-section__inner-content\">\n<div class=\"wp-block-getwid-icon-box has-text-center\"><div style=\"margin-bottom:-20px\" class=\"wp-block-getwid-icon-box__icon-container has-layout-stacked is-position-top\"><div class=\"wp-block-getwid-icon-box__icon-wrapper has-text-color has-gold-color\" style=\"font-size:100px;padding:0px;border-radius:25%\"><i class=\"hotel-ico hotel-icon-26\"><\/i><\/div><\/div><div class=\"wp-block-getwid-icon-box__content\">\n<div class=\"wp-block-getwid-advanced-heading\" style=\"margin-bottom:20px\"><h4 class=\"wp-block-getwid-advanced-heading__content\">Aparcamiento<\/h4><\/div>\n\n\n\n<p>Aparcamiento privado y gratuito a disposici\u00f3n de los hu\u00e9spedes, garantizando la seguridad y comodidad de su coche durante su estancia.<\/p>\n<\/div><\/div>\n<\/div><\/div><\/div><\/div><\/div>\n<\/div>\n\n\n\n<div class=\"wp-block-column is-layout-flow wp-block-column-is-layout-flow\">\n<div class=\"wp-block-getwid-section\"><div class=\"wp-block-getwid-section__wrapper\"><div class=\"wp-block-getwid-section__inner-wrapper\"><div class=\"wp-block-getwid-section__background-holder\"><div class=\"wp-block-getwid-section__background\"><\/div><div class=\"wp-block-getwid-section__foreground\"><\/div><\/div><div class=\"wp-block-getwid-section__content\"><div class=\"wp-block-getwid-section__inner-content\">\n<div class=\"wp-block-getwid-icon-box has-text-center\"><div style=\"margin-bottom:-20px;margin-right:-20px\" class=\"wp-block-getwid-icon-box__icon-container has-layout-stacked is-position-top\"><div class=\"wp-block-getwid-icon-box__icon-wrapper has-text-color has-gold-color\" style=\"font-size:100px;padding:0px;border-radius:25%\"><i class=\"hotel-ico hotel-icon-31\"><\/i><\/div><\/div><div class=\"wp-block-getwid-icon-box__content\">\n<div class=\"wp-block-getwid-advanced-heading\" style=\"margin-bottom:20px\"><h4 class=\"wp-block-getwid-advanced-heading__content\">Parque privado<\/h4><\/div>\n\n\n\n<p>Un cuidado jard\u00edn con zonas verdes y juegos para ni\u00f1os, perfecto para pasear, relajarse o divertirse en familia inmerso en la naturaleza.<\/p>\n<\/div><\/div>\n<\/div><\/div><\/div><\/div><\/div>\n<\/div>\n<\/div>\n\n\n\n<div class=\"wp-block-columns is-layout-flex wp-container-core-columns-is-layout-9d6595d7 wp-block-columns-is-layout-flex\">\n<div class=\"wp-block-column is-layout-flow wp-block-column-is-layout-flow\">\n<div class=\"wp-block-getwid-icon-box has-text-center\"><div style=\"margin-bottom:-20px;margin-left:0px\" class=\"wp-block-getwid-icon-box__icon-container has-layout-stacked is-position-top\"><div class=\"wp-block-getwid-icon-box__icon-wrapper has-text-color has-gold-color\" style=\"font-size:100px;padding:0px;border-radius:25%\"><i class=\"hotel-ico hotel-icon-16\"><\/i><\/div><\/div><div class=\"wp-block-getwid-icon-box__content\">\n<div class=\"wp-block-getwid-advanced-heading\" style=\"margin-bottom:20px\"><h4 class=\"wp-block-getwid-advanced-heading__content\">Parilla<\/h4><\/div>\n\n\n\n<p>Organice barbacoas al aire libre en la zona de barbacoa equipada, ideal para cenas agradables bajo las estrellas de la Toscana.<\/p>\n<\/div><\/div>\n<\/div>\n\n\n\n<div class=\"wp-block-column is-layout-flow wp-block-column-is-layout-flow\">\n<div class=\"wp-block-getwid-icon-box has-text-center\"><div style=\"margin-bottom:-20px;margin-right:0px\" class=\"wp-block-getwid-icon-box__icon-container has-layout-stacked is-position-top\"><div class=\"wp-block-getwid-icon-box__icon-wrapper has-text-color has-gold-color\" style=\"font-size:100px;padding:0px;border-radius:25%\"><i class=\"hotel-ico hotel-icon-28\"><\/i><\/div><\/div><div class=\"wp-block-getwid-icon-box__content\">\n<div class=\"wp-block-getwid-advanced-heading\" style=\"margin-bottom:20px\"><h4 class=\"wp-block-getwid-advanced-heading__content\">Admite mascotas<\/h4><\/div>\n\n\n\n<p>\u00a1Trae a tu amigo de cuatro patas contigo! Nuestras instalaciones son pet-friendly, porque sabemos lo mucho que sus mascotas son parte de la familia.<br><br><\/p>\n<\/div><\/div>\n<\/div>\n<\/div>\n<\/div><\/div><\/div><\/div><\/div>\n\n\n\n<div class=\"wp-block-getwid-section alignfull alignfull getwid-margin-top-none getwid-margin-bottom-none\"><div class=\"wp-block-getwid-section__wrapper getwid-padding-top-none getwid-padding-bottom-none getwid-padding-left-medium getwid-padding-right-medium getwid-padding-mobile-left-small getwid-padding-mobile-right-small\"><div class=\"wp-block-getwid-section__inner-wrapper\"><div class=\"wp-block-getwid-section__background-holder\"><div class=\"wp-block-getwid-section__background\" style=\"background-image:url('https:\/\/casavacanzelafarfalla.com\/wp-content\/uploads\/2025\/05\/IMG_9802_risultato.jpeg')\"><div class=\"wp-block-getwid-section__background-image-wrapper\"><img decoding=\"async\" class=\"wp-block-getwid-section__background-image\" src=\"https:\/\/casavacanzelafarfalla.com\/wp-content\/uploads\/2025\/05\/IMG_9802_risultato.jpeg\" alt=\"\"\/><\/div><\/div><div class=\"wp-block-getwid-section__foreground\"><\/div><\/div><div class=\"wp-block-getwid-section__content\"><div class=\"wp-block-getwid-section__inner-content\">\n<div class=\"wp-block-getwid-section\" style=\"margin-top:-60px;margin-bottom:-60px\"><div class=\"wp-block-getwid-section__wrapper getwid-padding-left-normal getwid-padding-right-normal getwid-padding-tablet-top-medium getwid-padding-tablet-bottom-medium getwid-padding-tablet-left-medium getwid-padding-tablet-right-medium getwid-padding-mobile-top-medium getwid-padding-mobile-bottom-medium getwid-padding-mobile-left-small getwid-padding-mobile-right-small getwid-margin-tablet-right-none getwid-align-items-tablet-center getwid-align-items-mobile-center getwid-justify-content-tablet-center getwid-justify-content-mobile-center\" style=\"margin-right:50%;padding-top:110px;padding-bottom:110px\"><div class=\"wp-block-getwid-section__inner-wrapper\"><div class=\"wp-block-getwid-section__background-holder\"><div class=\"wp-block-getwid-section__background has-background\" style=\"background-color:#0b2d15\"><\/div><div class=\"wp-block-getwid-section__foreground\" style=\"opacity:0.5;background-image:url('https:\/\/casavacanzelafarfalla.com\/wp-content\/uploads\/2025\/05\/beground-e1747071828206.png');background-position:top left;background-size:auto\"><\/div><\/div><div class=\"wp-block-getwid-section__content\"><div class=\"wp-block-getwid-section__inner-content\">\n<div class=\"wp-block-getwid-advanced-heading has-custom-font-size\" style=\"font-size:30px;margin-bottom:40px\"><h1 class=\"wp-block-getwid-advanced-heading__content has-text-color has-white-color\">Estructura<\/h1><\/div>\n\n\n\n<p class=\"has-text-align-left has-white-color has-text-color\">Nuestros apartamentos est\u00e1n equipados con una serie de servicios dise\u00f1ados para garantizarle una estancia confortable: espacios luminosos, ba\u00f1os modernos y terrazas panor\u00e1micas con vistas a la campi\u00f1a toscana. Todo lo que necesitas para sentirte como en casa, pero con una vista impresionante.<\/p>\n\n\n\n<div style=\"height:30px\" aria-hidden=\"true\" class=\"wp-block-spacer\"><\/div>\n\n\n\n<div class=\"wp-block-columns has-3-columns is-layout-flex wp-container-core-columns-is-layout-9d6595d7 wp-block-columns-is-layout-flex\">\n<div class=\"wp-block-column is-layout-flow wp-block-column-is-layout-flow\">\n<div class=\"wp-block-getwid-icon-box has-text-center\"><div style=\"margin-bottom:12px\" class=\"wp-block-getwid-icon-box__icon-container has-layout-stacked is-position-top\"><div class=\"wp-block-getwid-icon-box__icon-wrapper has-background has-white-background-color has-text-color has-gold-color\" style=\"font-size:18px;padding:20px\"><i class=\"fas fa-tv\"><\/i><\/div><\/div><div class=\"wp-block-getwid-icon-box__content\">\n<div class=\"wp-block-getwid-advanced-heading\"><h6 class=\"wp-block-getwid-advanced-heading__content has-text-color has-white-color\">Televisor<\/h6><\/div>\n<\/div><\/div>\n\n\n\n<div class=\"wp-block-getwid-icon-box has-text-center\"><div style=\"margin-top:40px;margin-bottom:12px\" class=\"wp-block-getwid-icon-box__icon-container has-layout-stacked is-position-top\"><div class=\"wp-block-getwid-icon-box__icon-wrapper has-background has-white-background-color has-text-color has-gold-color\" style=\"font-size:18px;padding:20px\"><i class=\"fab fa-algolia\"><\/i><\/div><\/div><div class=\"wp-block-getwid-icon-box__content\">\n<div class=\"wp-block-getwid-advanced-heading\"><h6 class=\"wp-block-getwid-advanced-heading__content has-text-color has-white-color\">Lavadora<\/h6><\/div>\n<\/div><\/div>\n<\/div>\n\n\n\n<div class=\"wp-block-column is-layout-flow wp-block-column-is-layout-flow\">\n<div class=\"wp-block-getwid-icon-box has-text-center\"><div style=\"margin-bottom:12px\" class=\"wp-block-getwid-icon-box__icon-container has-layout-stacked is-position-top\"><div class=\"wp-block-getwid-icon-box__icon-wrapper has-background has-white-background-color has-text-color has-gold-color\" style=\"font-size:18px;padding:20px\"><i class=\"fas fa-coffee\"><\/i><\/div><\/div><div class=\"wp-block-getwid-icon-box__content\">\n<div class=\"wp-block-getwid-advanced-heading\"><h6 class=\"wp-block-getwid-advanced-heading__content has-text-color has-white-color\">Cocina equipada<\/h6><\/div>\n<\/div><\/div>\n\n\n\n<div class=\"wp-block-getwid-icon-box has-text-center\"><div style=\"margin-top:40px;margin-bottom:12px\" class=\"wp-block-getwid-icon-box__icon-container has-layout-stacked is-position-top\"><div class=\"wp-block-getwid-icon-box__icon-wrapper has-background has-white-background-color has-text-color has-gold-color\" style=\"font-size:18px;padding:20px\"><i class=\"fas fa-snowflake\"><\/i><\/div><\/div><div class=\"wp-block-getwid-icon-box__content\">\n<div class=\"wp-block-getwid-advanced-heading\"><h6 class=\"wp-block-getwid-advanced-heading__content has-text-color has-white-color\">Aire acondicionado<\/h6><\/div>\n<\/div><\/div>\n<\/div>\n\n\n\n<div class=\"wp-block-column is-layout-flow wp-block-column-is-layout-flow\">\n<div class=\"wp-block-getwid-icon-box has-text-center\"><div style=\"margin-bottom:12px\" class=\"wp-block-getwid-icon-box__icon-container has-layout-stacked is-position-top\"><div class=\"wp-block-getwid-icon-box__icon-wrapper has-background has-white-background-color has-text-color has-gold-color\" style=\"font-size:18px;padding:20px\"><i class=\"fas fa-smoking\"><\/i><\/div><\/div><div class=\"wp-block-getwid-icon-box__content\">\n<div class=\"wp-block-getwid-advanced-heading\"><h6 class=\"wp-block-getwid-advanced-heading__content has-text-color has-white-color\">No fumadores<\/h6><\/div>\n<\/div><\/div>\n\n\n\n<div class=\"wp-block-getwid-icon-box has-text-center\"><div style=\"margin-top:40px;margin-bottom:12px\" class=\"wp-block-getwid-icon-box__icon-container has-layout-stacked is-position-top\"><div class=\"wp-block-getwid-icon-box__icon-wrapper has-background has-white-background-color has-text-color has-gold-color\" style=\"font-size:18px;padding:20px\"><i class=\"fas fa-wifi\"><\/i><\/div><\/div><div class=\"wp-block-getwid-icon-box__content\">\n<div class=\"wp-block-getwid-advanced-heading\"><h6 class=\"wp-block-getwid-advanced-heading__content has-text-color has-white-color\">Y en<\/h6><\/div>\n<\/div><\/div>\n<\/div>\n<\/div>\n\n\n\n<div style=\"height:60px\" aria-hidden=\"true\" class=\"wp-block-spacer\"><\/div>\n\n\n\n<div class=\"wp-block-buttons alignwide has-custom-font-size has-small-font-size is-horizontal is-content-justification-center is-layout-flex wp-container-core-buttons-is-layout-937ffba9 wp-block-buttons-is-layout-flex\">\n<div class=\"wp-block-button has-custom-width wp-block-button__width-100\"><a class=\"wp-block-button__link has-text-align-center wp-element-button\" href=\"https:\/\/casavacanzelafarfalla.com\/es\/comprobar-disponibilidad\/\">Consultar disponibilidad<\/a><\/div>\n<\/div>\n<\/div><\/div><\/div><\/div><\/div>\n<\/div><\/div><\/div><\/div><\/div>\n\n\n\n<p><\/p>","protected":false},"excerpt":{"rendered":"<p>En Casa Vacanze La Farfalla, cada servicio est\u00e1 dise\u00f1ado para que su estancia sea inolvidable. Desde la piscina al aire libre rodeada de naturaleza hasta el jard\u00edn privado con zona de barbacoa, pasando por el aparcamiento gratuito y la posibilidad de traer a tus amigos de cuatro patas: todo est\u00e1 pensado para garantizarte relax y comodidad. Aire acondicionado, WiFi gratuito y espacios exteriores equipados completan la experiencia, brind\u00e1ndote el placer de unas vacaciones sin preocupaciones. <\/p>","protected":false},"author":1,"featured_media":0,"parent":0,"menu_order":0,"comment_status":"closed","ping_status":"closed","template":"","meta":{"_seopress_robots_primary_cat":"","_seopress_titles_title":"Servizi B&B Toscana | Piscina, Giardino e Colazione Inclusa","_seopress_titles_desc":"Goditi servizi esclusivi: piscina scoperta, giardino privato, barbecue, parcheggio gratuito e Wi-Fi. Un\u2019esperienza di relax e comfort a Casa Vacanze La Farfalla.","_seopress_robots_index":"","inline_featured_image":false,"footnotes":""},"class_list":["post-275","page","type-page","status-publish","hentry"],"_links":{"self":[{"href":"https:\/\/casavacanzelafarfalla.com\/es\/wp-json\/wp\/v2\/pages\/275","targetHints":{"allow":["GET"]}}],"collection":[{"href":"https:\/\/casavacanzelafarfalla.com\/es\/wp-json\/wp\/v2\/pages"}],"about":[{"href":"https:\/\/casavacanzelafarfalla.com\/es\/wp-json\/wp\/v2\/types\/page"}],"author":[{"embeddable":true,"href":"https:\/\/casavacanzelafarfalla.com\/es\/wp-json\/wp\/v2\/users\/1"}],"replies":[{"embeddable":true,"href":"https:\/\/casavacanzelafarfalla.com\/es\/wp-json\/wp\/v2\/comments?post=275"}],"version-history":[{"count":38,"href":"https:\/\/casavacanzelafarfalla.com\/es\/wp-json\/wp\/v2\/pages\/275\/revisions"}],"predecessor-version":[{"id":2226,"href":"https:\/\/casavacanzelafarfalla.com\/es\/wp-json\/wp\/v2\/pages\/275\/revisions\/2226"}],"wp:attachment":[{"href":"https:\/\/casavacanzelafarfalla.com\/es\/wp-json\/wp\/v2\/media?parent=275"}],"curies":[{"name":"wp","href":"https:\/\/api.w.org\/{rel}","templated":true}]}}