{"id":1906,"date":"2025-05-16T11:10:55","date_gmt":"2025-05-16T10:10:55","guid":{"rendered":"https:\/\/casavacanzelafarfalla.com\/?page_id=1906"},"modified":"2025-06-18T09:28:18","modified_gmt":"2025-06-18T08:28:18","slug":"politica-de-cookies","status":"publish","type":"page","link":"https:\/\/casavacanzelafarfalla.com\/es\/politica-de-cookies\/","title":{"rendered":"Pol\u00edtica de cookies"},"content":{"rendered":"<div class=\"wp-block-columns is-layout-flex wp-container-core-columns-is-layout-9d6595d7 wp-block-columns-is-layout-flex\">\n<div class=\"wp-block-column is-vertically-aligned-center is-layout-flow wp-block-column-is-layout-flow\">\n<h1 class=\"wp-block-heading has-text-align-center\" id=\"g4aff41a2a9cc\"><strong>casavacanzelafarfalla.com<\/strong><\/h1>\n\n\n\n<h4 class=\"wp-block-heading has-text-align-center\" id=\"g959884b33f3a\">Bienvenido a la Pol\u00edtica de Cookies de casavacanzelafarfalla.com. Esta pol\u00edtica le ayudar\u00e1 a entender qu\u00e9 cookies y tecnolog\u00edas de seguimiento utilizamos, c\u00f3mo las usamos y cu\u00e1les son sus derechos al respecto.<\/h4>\n\n\n\n<p class=\"has-text-align-center\">\u00daltima modificaci\u00f3n: 6 de mayo de 2025<\/p>\n<\/div>\n<\/div>\n\n\n\n<div style=\"height:50px\" aria-hidden=\"true\" class=\"wp-block-spacer\"><\/div>\n\n\n\n<div class=\"mobile-toc-select-wrapper\">\n  <select id=\"mobile-toc-select\">\n    <option value=\"\">Ir a la secci\u00f3n...<\/option>\n    <option value=\"#g065b84f91c7e\">Introducci\u00f3n<\/option>\n    <option value=\"#g8aadb46dacb9\">Responsable del Tratamiento<\/option>\n    <option value=\"#g065b84f91c7e\">C\u00f3mo utiliza esta aplicaci\u00f3n las herramientas de seguimiento<\/option>\n      \n\t\t<option value=\"#gb0a3f0bfff64\">\u21b3 Necesario<\/option>\n\t\n\t<option value=\"#cookie-policy\">C\u00f3mo gestionar las preferencias y dar o revocar el consentimiento en esta aplicaci\u00f3n<\/option>\n\t\t\n\t\t<option value=\"#g759521d2543b\">\u21b3 C\u00f3mo controlar o eliminar las cookies y tecnolog\u00edas similares a trav\u00e9s de la configuraci\u00f3n de su dispositivo.<\/option>\n\t\t<option value=\"#g0b1c81a455cd\">\u21b3 Consecuencias de negarse a utilizar las herramientas de seguimiento<\/option>\n\t\n\t<option value=\"#gbe214c3dc01a\">Definiciones y referencias legales<\/option>\n\t\n\t\t<option value=\"#g547029901d38\">\u21b3 Datos Personales (o Datos)<\/option>\n\t\t<option value=\"#gccd9b143e82c\">\u21b3 Datos de uso<\/option>\n\t\t<option value=\"#g3986cd849b94\">\u21b3 Usuario<\/option>\n\t\t<option value=\"#g33f796a362db\">\u21b3 Interesado<\/option>\n\t\t<option value=\"#gbacb9ce7402d\">\u21b3 Responsable del tratamiento de datos (o Responsable)<\/option>\n\t\t<option value=\"#gc4347d00580c\">\u21b3 Responsable del tratamiento de datos (o Titular)<\/option> \n\t\t<option value=\"#gfc9c37352010\">\u21b3 Esta aplicaci\u00f3n<\/option> \n\t\t<option value=\"#g8ca353264821\">\u21b3 Servicio<\/option> \n\t\t<option value=\"#gc06b805f3816\">\u21b3 Uni\u00f3n Europea (o UE)<\/option> \t\t\n\t\t\t\t\n\t<option value=\"#gbd43b5e835db\">Referencias legales<\/option>\n\t \n  <\/select>\n<\/div>\n\n\n\n<div class=\"wp-block-columns alignwide is-layout-flex wp-container-core-columns-is-layout-9d6595d7 wp-block-columns-is-layout-flex\">\n<div class=\"wp-block-column toc-sticky is-layout-flow wp-block-column-is-layout-flow\" style=\"flex-basis:33.33%\">\n<h2 class=\"wp-block-heading\" id=\"g4af55ef35fee\">Resumen<\/h2>\n\n\n\n<div class=\"wp-block-getwid-table-of-contents alignwide is-style-unordered\"><ul class=\"wp-block-getwid-table-of-contents__list\"><li><a href=\"#g4af55ef35fee\">Resumen<\/a><\/li><li><a href=\"#g065b84f91c7e\">Introducci\u00f3n<\/a><\/li><li><a href=\"#g8aadb46dacb9\">Responsable del Tratamiento<\/a><\/li><li><a href=\"#g065b84f91c7e\">C\u00f3mo utiliza esta aplicaci\u00f3n las herramientas de seguimiento<\/a><ul><li><a href=\"#gb0a3f0bfff64\">Necesario<\/a><\/li><\/ul><\/li><li><a href=\"#cookie-policy\">C\u00f3mo gestionar las preferencias y dar o revocar el consentimiento en esta aplicaci\u00f3n<\/a><ul><li><a href=\"#g759521d2543b\">C\u00f3mo controlar o eliminar las cookies y tecnolog\u00edas similares a trav\u00e9s de la configuraci\u00f3n de su dispositivo<\/a><\/li><li><a href=\"#g0b1c81a455cd\">Consecuencias de negarse a utilizar las herramientas de seguimiento<\/a><\/li><\/ul><\/li><li><a href=\"#gbe214c3dc01a\">Definiciones y referencias legales<\/a><ul><li><a href=\"#g547029901d38\">Datos Personales (o Datos)<\/a><\/li><li><a href=\"#gccd9b143e82c\">Datos de uso<\/a><\/li><li><a href=\"#g3986cd849b94\">Usuario<\/a><\/li><li><a href=\"#g33f796a362db\">Interesado<\/a><\/li><li><a href=\"#gbacb9ce7402d\">Responsable del tratamiento de datos (o Responsable)<\/a><\/li><li><a href=\"#gc4347d00580c\">Responsable del tratamiento de datos (o Titular)<\/a><\/li><li><a href=\"#gfc9c37352010\">Esta aplicaci\u00f3n<\/a><\/li><li><a href=\"#g8ca353264821\">Servicio<\/a><\/li><li><a href=\"#gc06b805f3816\">Uni\u00f3n Europea (o UE)<\/a><\/li><\/ul><\/li><li><a href=\"#gbd43b5e835db\">Referencias legales<\/a><\/li><\/ul><\/div>\n<\/div>\n\n\n\n<div class=\"wp-block-column is-layout-flow wp-block-column-is-layout-flow\" style=\"flex-basis:66.66%\">\n<h2 class=\"wp-block-heading\" id=\"g065b84f91c7e\">Introducci\u00f3n<\/h2>\n\n\n\n<p>Este documento contiene informaci\u00f3n sobre las tecnolog\u00edas que permiten a esta Aplicaci\u00f3n alcanzar los fines descritos a continuaci\u00f3n. Estas tecnolog\u00edas permiten al Propietario recopilar y guardar informaci\u00f3n (por ejemplo, mediante el uso de Cookies) o utilizar recursos (por ejemplo, mediante la ejecuci\u00f3n de un script) en el dispositivo del Usuario cuando este interact\u00faa con esta Aplicaci\u00f3n.<\/p>\n\n\n\n<p>En aras de la simplicidad, en este documento se hace referencia brevemente a estas tecnolog\u00edas como \"herramientas de seguimiento\", a menos que haya motivos para diferenciarlas.<br>Por ejemplo, aunque las Cookies pueden utilizarse tanto en navegadores web como m\u00f3viles, ser\u00eda inapropiado hablar de Cookies en el contexto de aplicaciones m\u00f3viles, ya que \u00e9stas son Herramientas de Seguimiento que requieren la presencia de un navegador. Por este motivo, en este documento el t\u00e9rmino \"cookie\" s\u00f3lo se utiliza para referirse espec\u00edficamente a ese tipo concreto de herramienta de seguimiento.<\/p>\n\n\n\n<p>Algunos de los fines para los que se utilizan las Herramientas de Seguimiento tambi\u00e9n pueden requerir el consentimiento del Usuario. Si se da el consentimiento, puede revocarse libremente en cualquier momento siguiendo las instrucciones contenidas en este documento.<\/p>\n\n\n\n<p>Esta Aplicaci\u00f3n s\u00f3lo utiliza Herramientas de seguimiento operadas directamente por el Propietario (com\u00fanmente denominadas Herramientas de seguimiento de \"primera parte\").<br>La duraci\u00f3n y caducidad de las cookies de origen y otras herramientas de seguimiento similares pueden variar en funci\u00f3n de lo establecido por el Responsable del Tratamiento. Algunas de ellas expiran al final de la sesi\u00f3n de navegaci\u00f3n del Usuario.<\/p>\n\n\n\n<hr class=\"wp-block-separator has-alpha-channel-opacity\"\/>\n\n\n\n<h2 class=\"wp-block-heading\" id=\"g8aadb46dacb9\">Responsable del Tratamiento<\/h2>\n\n\n\n<p>La Farfalla | Dominique Monti<br>Via Cafaggio 5 \u2013 56028<br>San Miniato, Pisa (Italia)<\/p>\n\n\n\n<p>P.iva: 06987190961<br>Cin: IT050032C2AGZ3ZWW4<br>Pec: dominiquefulvio.monti@pec.it<\/p>\n\n\n\n<p><strong>Direcci\u00f3n de correo electr\u00f3nico del responsable del tratamiento:<\/strong>&nbsp;info@casavacanzelafarfalla.com<\/p>\n\n\n\n<hr class=\"wp-block-separator has-alpha-channel-opacity\"\/>\n\n\n\n<h2 class=\"wp-block-heading\" id=\"g065b84f91c7e\">C\u00f3mo utiliza esta aplicaci\u00f3n las herramientas de seguimiento<\/h2>\n\n\n\n<h3 class=\"wp-block-heading\" id=\"gb0a3f0bfff64\">Necesario<\/h3>\n\n\n\n<p>Esta Aplicaci\u00f3n utiliza Cookies com\u00fanmente denominadas \"t\u00e9cnicas\" u otras Herramientas de Seguimiento similares para llevar a cabo actividades estrictamente necesarias para garantizar el funcionamiento o la prestaci\u00f3n del Servicio.<\/p>\n\n\n\n<hr class=\"wp-block-separator has-alpha-channel-opacity\"\/>\n\n\n\n<h2 class=\"wp-block-heading\" id=\"cookie-policy\">C\u00f3mo gestionar las preferencias y dar o revocar el consentimiento en esta aplicaci\u00f3n<\/h2>\n\n\n\n<p>Cuando el uso de rastreadores se base en el consentimiento, los Usuarios podr\u00e1n dar o retirar dicho consentimiento estableciendo o actualizando sus preferencias a trav\u00e9s del panel de opciones de privacidad correspondiente disponible en esta Aplicaci\u00f3n.<\/p>\n\n\n\n<h3 class=\"wp-block-heading\" id=\"g759521d2543b\">C\u00f3mo controlar o eliminar las cookies y tecnolog\u00edas similares a trav\u00e9s de la configuraci\u00f3n de su dispositivo<\/h3>\n\n\n\n<p>Los usuarios pueden utilizar la configuraci\u00f3n de su navegador para:<\/p>\n\n\n\n<ul class=\"wp-block-list\">\n<li>Ver qu\u00e9 cookies u otras tecnolog\u00edas similares se han instalado en el dispositivo;<\/li>\n\n\n\n<li>Bloqueo de cookies o tecnolog\u00edas similares;<\/li>\n\n\n\n<li>Borre las cookies o tecnolog\u00edas similares de su navegador.<\/li>\n<\/ul>\n\n\n\n<p>Sin embargo, la configuraci\u00f3n del navegador no permite un control granular del consentimiento por categor\u00edas.<\/p>\n\n\n\n<p>Los usuarios pueden, por ejemplo, encontrar informaci\u00f3n sobre c\u00f3mo gestionar las cookies en algunos de los navegadores m\u00e1s populares en las siguientes direcciones:<\/p>\n\n\n\n<ul class=\"wp-block-list\">\n<li><a href=\"https:\/\/support.google.com\/chrome\/answer\/95647?hl=it&amp;p=cpn_cookies\" target=\"_blank\" rel=\"noreferrer noopener\">Google Chrome<\/a><\/li>\n\n\n\n<li><a href=\"https:\/\/support.mozilla.org\/it\/kb\/Attivare%20e%20disattivare%20i%20cookie\" target=\"_blank\" rel=\"noreferrer noopener\">Mozilla Firefox<\/a><\/li>\n\n\n\n<li><a href=\"https:\/\/support.apple.com\/it-it\/guide\/safari\/manage-cookies-and-website-data-sfri11471\/\" target=\"_blank\" rel=\"noreferrer noopener\">Safari de Apple<\/a><\/li>\n\n\n\n<li><a href=\"http:\/\/windows.microsoft.com\/it-it\/windows-vista\/block-or-allow-cookies\" target=\"_blank\" rel=\"noreferrer noopener\">Microsoft Internet Explorer<\/a><\/li>\n\n\n\n<li><a href=\"https:\/\/support.microsoft.com\/it-it\/help\/4027947\" target=\"_blank\" rel=\"noreferrer noopener\">Microsoft Edge<\/a><\/li>\n\n\n\n<li><a href=\"https:\/\/support.brave.com\/hc\/articles\/360022806212-How-do-I-use-Shields-while-browsing\" target=\"_blank\" rel=\"noreferrer noopener\">Valiente<\/a><\/li>\n\n\n\n<li><a href=\"https:\/\/help.opera.com\/latest\/web-preferences\/#cookies\" target=\"_blank\" rel=\"noreferrer noopener\">\u00d3pera<\/a><\/li>\n<\/ul>\n\n\n\n<p>Los usuarios tambi\u00e9n pueden gestionar determinadas herramientas de seguimiento de aplicaciones m\u00f3viles desactiv\u00e1ndolas a trav\u00e9s de los ajustes correspondientes del dispositivo, como los ajustes de publicidad m\u00f3vil o los ajustes de seguimiento en general (los usuarios pueden consultar los ajustes de su dispositivo para encontrar el correspondiente).<\/p>\n\n\n\n<h3 class=\"wp-block-heading\" id=\"g0b1c81a455cd\">Consecuencias de negarse a utilizar las herramientas de seguimiento<\/h3>\n\n\n\n<p>Los Usuarios son libres de decidir si permiten o no el uso de Herramientas de Seguimiento. Sin embargo, tenga en cuenta que las Herramientas de Seguimiento permiten a esta Aplicaci\u00f3n proporcionar a los Usuarios una mejor experiencia y funcionalidades avanzadas (en l\u00ednea con los prop\u00f3sitos descritos en este documento). Por lo tanto, si el Usuario decide bloquear el uso de Herramientas de seguimiento, es posible que el Propietario no pueda proporcionar las funcionalidades relacionadas.<\/p>\n\n\n\n<hr class=\"wp-block-separator has-alpha-channel-opacity\"\/>\n\n\n\n<h2 class=\"wp-block-heading\" id=\"gbe214c3dc01a\">Definiciones y referencias legales<\/h2>\n\n\n\n<h3 class=\"wp-block-heading\" id=\"g547029901d38\">Datos Personales (o Datos)<\/h3>\n\n\n\n<p>Los datos personales son cualquier informaci\u00f3n que, directa o indirectamente, incluso en conjunci\u00f3n con cualquier otra informaci\u00f3n, incluido un n\u00famero de identificaci\u00f3n personal, haga identificable o identificada a una persona f\u00edsica.<\/p>\n\n\n\n<h3 class=\"wp-block-heading\" id=\"gccd9b143e82c\">Datos de uso<\/h3>\n\n\n\n<p>Se trata de la informaci\u00f3n recopilada autom\u00e1ticamente a trav\u00e9s de esta Aplicaci\u00f3n (incluso por aplicaciones de terceros integradas en esta Aplicaci\u00f3n), incluyendo: direcciones IP o nombres de dominio de los ordenadores utilizados por el Usuario que se conecta con esta Aplicaci\u00f3n, direcciones de notaci\u00f3n URI (Uniform Resource Identifier), la hora de la solicitud, el m\u00e9todo utilizado para reenviar la solicitud al servidor, el tama\u00f1o del archivo obtenido como respuesta, el c\u00f3digo num\u00e9rico que indica el estado de la respuesta del servidor (correcto, error, etc.), el pa\u00eds de origen, las caracter\u00edsticas del navegador y del sistema operativo utilizados por el visitante, las distintas connotaciones temporales de la visita (por ejemplo, el tiempo empleado en cada p\u00e1gina) y los detalles del itinerario seguido por el Usuario.), el pa\u00eds de origen, las caracter\u00edsticas del navegador y del sistema operativo utilizados por el visitante, las distintas connotaciones temporales de la visita (por ejemplo, el tiempo de permanencia en cada p\u00e1gina) y los detalles del itinerario seguido dentro de la Aplicaci\u00f3n, con especial referencia a la secuencia de las p\u00e1ginas consultadas, los par\u00e1metros relativos al sistema operativo y al entorno inform\u00e1tico del Usuario.<\/p>\n\n\n\n<h3 class=\"wp-block-heading\" id=\"g3986cd849b94\">Usuario<\/h3>\n\n\n\n<p>La persona f\u00edsica usuaria de esta Aplicaci\u00f3n que, salvo que se especifique lo contrario, es el Titular de los datos.<\/p>\n\n\n\n<h3 class=\"wp-block-heading\" id=\"g33f796a362db\">Interesado<\/h3>\n\n\n\n<p>La persona f\u00edsica a la que se refieren los Datos Personales.<\/p>\n\n\n\n<h3 class=\"wp-block-heading\" id=\"gbacb9ce7402d\">Responsable del tratamiento de datos (o Responsable)<\/h3>\n\n\n\n<p>La persona f\u00edsica, jur\u00eddica, administraci\u00f3n p\u00fablica y cualquier otra entidad que trate datos personales por cuenta del Responsable del tratamiento, seg\u00fan lo establecido en la presente pol\u00edtica de privacidad.<\/p>\n\n\n\n<h3 class=\"wp-block-heading\" id=\"gc4347d00580c\">Responsable del tratamiento de datos (o Titular)<\/h3>\n\n\n\n<p>La persona f\u00edsica o jur\u00eddica, autoridad p\u00fablica, servicio u otro organismo que, individualmente o junto con otros, determina los fines y medios del tratamiento de datos personales y los instrumentos adoptados, incluidas las medidas de seguridad relativas al funcionamiento y uso de esta Aplicaci\u00f3n. El Responsable del Tratamiento, salvo que se especifique lo contrario, es el titular de esta Aplicaci\u00f3n.<\/p>\n\n\n\n<h3 class=\"wp-block-heading\" id=\"gfc9c37352010\">Esta aplicaci\u00f3n<\/h3>\n\n\n\n<p>La herramienta de hardware o software mediante la cual se recopilan y procesan los Datos Personales de los Usuarios.<\/p>\n\n\n\n<h3 class=\"wp-block-heading\" id=\"g8ca353264821\">Servicio<\/h3>\n\n\n\n<p>El Servicio proporcionado por esta Aplicaci\u00f3n tal y como se define en los t\u00e9rminos pertinentes (si los hubiera) en este sitio\/aplicaci\u00f3n.<\/p>\n\n\n\n<h3 class=\"wp-block-heading\" id=\"gc06b805f3816\">Uni\u00f3n Europea (o UE)<\/h3>\n\n\n\n<p>Salvo que se especifique lo contrario, toda referencia a la Uni\u00f3n Europea en este documento se entender\u00e1 hecha a todos los Estados miembros actuales de la Uni\u00f3n Europea y del Espacio Econ\u00f3mico Europeo.<\/p>\n\n\n\n<hr class=\"wp-block-separator has-alpha-channel-opacity\"\/>\n\n\n\n<h2 class=\"wp-block-heading\" id=\"gbd43b5e835db\">Referencias legales<\/h2>\n\n\n\n<p>A menos que se especifique lo contrario, esta pol\u00edtica de privacidad se refiere exclusivamente a esta Aplicaci\u00f3n.<\/p>\n<\/div>\n<\/div>\n\n\n\n<script>\n  document.addEventListener('DOMContentLoaded', function () {\n    const select = document.getElementById('mobile-toc-select');\n    select.addEventListener('change', function () {\n      const target = this.value;\n      if (target) {\n        const element = document.querySelector(target);\n        if (element) {\n          element.scrollIntoView({ behavior: 'smooth' });\n        }\n      }\n    });\n  });\n<\/script>","protected":false},"excerpt":{"rendered":"<p>casavacanzelafarfalla.com Benvenuto nella Cookie Policy di casavacanzelafarfalla.com. Questa policy ti aiuter\u00e0 a comprendere quali cookie e tecnologie di tracciamento utilizziamo, come li utilizziamo e quali sono i tuoi diritti in merito. Ultima modifica: 6 maggio 2025 Vai alla Sezione&#8230;IntroduzioneTitolare del Trattamento dei DatiCome questa Applicazione utilizza gli Strumenti di Tracciamento\u21b3 NecessariCome gestire le preferenze e [&hellip;]<\/p>\n","protected":false},"author":1,"featured_media":0,"parent":0,"menu_order":0,"comment_status":"closed","ping_status":"closed","template":"","meta":{"_seopress_robots_primary_cat":"","_seopress_titles_title":"","_seopress_titles_desc":"","_seopress_robots_index":"yes","inline_featured_image":false,"footnotes":""},"class_list":["post-1906","page","type-page","status-publish","hentry"],"_links":{"self":[{"href":"https:\/\/casavacanzelafarfalla.com\/es\/wp-json\/wp\/v2\/pages\/1906","targetHints":{"allow":["GET"]}}],"collection":[{"href":"https:\/\/casavacanzelafarfalla.com\/es\/wp-json\/wp\/v2\/pages"}],"about":[{"href":"https:\/\/casavacanzelafarfalla.com\/es\/wp-json\/wp\/v2\/types\/page"}],"author":[{"embeddable":true,"href":"https:\/\/casavacanzelafarfalla.com\/es\/wp-json\/wp\/v2\/users\/1"}],"replies":[{"embeddable":true,"href":"https:\/\/casavacanzelafarfalla.com\/es\/wp-json\/wp\/v2\/comments?post=1906"}],"version-history":[{"count":6,"href":"https:\/\/casavacanzelafarfalla.com\/es\/wp-json\/wp\/v2\/pages\/1906\/revisions"}],"predecessor-version":[{"id":2164,"href":"https:\/\/casavacanzelafarfalla.com\/es\/wp-json\/wp\/v2\/pages\/1906\/revisions\/2164"}],"wp:attachment":[{"href":"https:\/\/casavacanzelafarfalla.com\/es\/wp-json\/wp\/v2\/media?parent=1906"}],"curies":[{"name":"wp","href":"https:\/\/api.w.org\/{rel}","templated":true}]}}