{"id":228,"date":"2019-06-12T07:44:45","date_gmt":"2019-06-12T07:44:45","guid":{"rendered":"https:\/\/themes.getmotopress.com\/luviana\/?page_id=228"},"modified":"2025-06-17T23:24:21","modified_gmt":"2025-06-17T22:24:21","slug":"wer-wir-sind","status":"publish","type":"page","link":"https:\/\/casavacanzelafarfalla.com\/de\/wer-wir-sind\/","title":{"rendered":"Unsere Geschichte"},"content":{"rendered":"<div class=\"wp-block-getwid-section alignfull alignfull getwid-margin-top-none getwid-margin-bottom-none\"><div class=\"wp-block-getwid-section__wrapper getwid-padding-top-none getwid-padding-bottom-none getwid-padding-left-medium getwid-padding-right-medium getwid-padding-mobile-left-small getwid-padding-mobile-right-small\"><div class=\"wp-block-getwid-section__inner-wrapper\"><div class=\"wp-block-getwid-section__background-holder\"><div class=\"wp-block-getwid-section__background\"><\/div><div class=\"wp-block-getwid-section__foreground\"><\/div><\/div><div class=\"wp-block-getwid-section__content\"><div class=\"wp-block-getwid-section__inner-content\">\n<div class=\"wp-block-columns has-2-columns is-layout-flex wp-container-core-columns-is-layout-9d6595d7 wp-block-columns-is-layout-flex\">\n<div class=\"wp-block-column is-layout-flow wp-block-column-is-layout-flow\">\n<div class=\"wp-block-columns has-2-columns is-layout-flex wp-container-core-columns-is-layout-9d6595d7 wp-block-columns-is-layout-flex\">\n<div class=\"wp-block-column is-layout-flow wp-block-column-is-layout-flow\">\n<div class=\"wp-block-getwid-images-stack is-layout-epsilon\"><div class=\"wp-block-getwid-images-stack__wrapper\"><div class=\"wp-block-getwid-images-stack__chunk\"><div class=\"wp-block-getwid-images-stack__media-wrapper\"><div class=\"wp-block-getwid-images-stack__media-inner-wrapper\"><img alt=\"\" loading=\"lazy\" decoding=\"async\" width=\"800\" height=\"600\" class=\"wp-block-getwid-images-stack__media wp-image-1498\" src=\"https:\/\/casavacanzelafarfalla.com\/wp-content\/uploads\/2025\/05\/IMG_9756_risultato.jpeg\" data-id=\"1498\" data-link=\"https:\/\/casavacanzelafarfalla.com\/img_9756_risultato\/\" srcset=\"https:\/\/casavacanzelafarfalla.com\/wp-content\/uploads\/2025\/05\/IMG_9756_risultato.jpeg 800w, https:\/\/casavacanzelafarfalla.com\/wp-content\/uploads\/2025\/05\/IMG_9756_risultato-300x225.jpeg 300w, https:\/\/casavacanzelafarfalla.com\/wp-content\/uploads\/2025\/05\/IMG_9756_risultato-768x576.jpeg 768w, https:\/\/casavacanzelafarfalla.com\/wp-content\/uploads\/2025\/05\/IMG_9756_risultato-16x12.jpeg 16w\" sizes=\"auto, (max-width: 800px) 100vw, 800px\" \/><\/div><\/div><div class=\"wp-block-getwid-images-stack__media-wrapper\"><div class=\"wp-block-getwid-images-stack__media-inner-wrapper\"><img alt=\"\" loading=\"lazy\" decoding=\"async\" width=\"800\" height=\"600\" class=\"wp-block-getwid-images-stack__media wp-image-1446\" src=\"https:\/\/casavacanzelafarfalla.com\/wp-content\/uploads\/2025\/05\/IMG_9683_risultato.jpeg\" data-id=\"1446\" data-link=\"https:\/\/casavacanzelafarfalla.com\/img_9683_risultato\/\" srcset=\"https:\/\/casavacanzelafarfalla.com\/wp-content\/uploads\/2025\/05\/IMG_9683_risultato.jpeg 800w, https:\/\/casavacanzelafarfalla.com\/wp-content\/uploads\/2025\/05\/IMG_9683_risultato-300x225.jpeg 300w, https:\/\/casavacanzelafarfalla.com\/wp-content\/uploads\/2025\/05\/IMG_9683_risultato-768x576.jpeg 768w, https:\/\/casavacanzelafarfalla.com\/wp-content\/uploads\/2025\/05\/IMG_9683_risultato-16x12.jpeg 16w\" sizes=\"auto, (max-width: 800px) 100vw, 800px\" \/><\/div><\/div><div class=\"wp-block-getwid-images-stack__media-wrapper\"><div class=\"wp-block-getwid-images-stack__media-inner-wrapper\"><img alt=\"\" loading=\"lazy\" decoding=\"async\" width=\"800\" height=\"600\" class=\"wp-block-getwid-images-stack__media wp-image-1445\" src=\"https:\/\/casavacanzelafarfalla.com\/wp-content\/uploads\/2025\/05\/IMG_9682_risultato.jpeg\" data-id=\"1445\" data-link=\"https:\/\/casavacanzelafarfalla.com\/img_9682_risultato\/\" srcset=\"https:\/\/casavacanzelafarfalla.com\/wp-content\/uploads\/2025\/05\/IMG_9682_risultato.jpeg 800w, https:\/\/casavacanzelafarfalla.com\/wp-content\/uploads\/2025\/05\/IMG_9682_risultato-300x225.jpeg 300w, https:\/\/casavacanzelafarfalla.com\/wp-content\/uploads\/2025\/05\/IMG_9682_risultato-768x576.jpeg 768w, https:\/\/casavacanzelafarfalla.com\/wp-content\/uploads\/2025\/05\/IMG_9682_risultato-16x12.jpeg 16w\" sizes=\"auto, (max-width: 800px) 100vw, 800px\" \/><\/div><\/div><\/div><\/div><\/div>\n<\/div>\n<\/div>\n<\/div>\n\n\n\n<div class=\"wp-block-column is-layout-flow wp-block-column-is-layout-flow\">\n<div class=\"wp-block-getwid-advanced-heading is-style-style-1 has-custom-font-size\" style=\"font-size:12px;margin-bottom:0px\"><p class=\"wp-block-getwid-advanced-heading__content\" style=\"letter-spacing:0.1em\"><\/p><\/div>\n\n\n\n<div class=\"wp-block-getwid-advanced-heading is-style-default\" style=\"margin-top:10px\"><h2 class=\"wp-block-getwid-advanced-heading__content\">Eine Geschichte von Leidenschaft und Gastfreundschaft<\/h2><\/div>\n\n\n\n<p>Casa Vacanze La Farfalla ist viel mehr als nur ein B&amp;B: Es ist das Ergebnis unserer Leidenschaft f\u00fcr Gastfreundschaft und Liebe zur Toskana. <\/p>\n\n\n\n<p>Im Herzen der toskanischen H\u00fcgel gelegen, entstand unsere Zuflucht aus dem Wunsch, die Sch\u00f6nheit und Gelassenheit dieses Landes mit denen zu teilen, die eine Pause vom Alltag suchen. <\/p>\n\n\n\n<p>Mit Sorgfalt und Hingabe von unserer Familie gef\u00fchrt, ist jedes Detail darauf ausgelegt, Ihnen ein authentisches Erlebnis zu bieten, das aus Komfort, Tradition und menschlicher W\u00e4rme besteht.<\/p>\n<\/div>\n<\/div>\n<\/div><\/div><\/div><\/div><\/div>\n\n\n\n<div style=\"height:60px\" aria-hidden=\"true\" class=\"wp-block-spacer\"><\/div>\n\n\n\n<div class=\"wp-block-getwid-section alignfull alignfull getwid-margin-top-none getwid-margin-bottom-none\"><div class=\"wp-block-getwid-section__wrapper getwid-padding-top-none getwid-padding-bottom-none getwid-padding-left-medium getwid-padding-right-medium getwid-padding-mobile-left-small getwid-padding-mobile-right-small\"><div class=\"wp-block-getwid-section__inner-wrapper\"><div class=\"wp-block-getwid-section__background-holder\"><div class=\"wp-block-getwid-section__background\"><\/div><div class=\"wp-block-getwid-section__foreground\"><\/div><\/div><div class=\"wp-block-getwid-section__content\"><div class=\"wp-block-getwid-section__inner-content\">\n<div class=\"wp-block-columns has-2-columns is-layout-flex wp-container-core-columns-is-layout-9d6595d7 wp-block-columns-is-layout-flex\">\n<div class=\"wp-block-column is-layout-flow wp-block-column-is-layout-flow\">\n<div class=\"wp-block-getwid-advanced-heading is-style-style-1 has-custom-font-size\" style=\"font-size:12px;margin-bottom:0px\"><p class=\"wp-block-getwid-advanced-heading__content\" style=\"letter-spacing:0.1em\"><\/p><\/div>\n\n\n\n<div class=\"wp-block-getwid-advanced-heading is-style-default\" style=\"margin-top:10px\"><h2 class=\"wp-block-getwid-advanced-heading__content\"><strong>Die Wohnungen<\/strong><br><strong>Ein Projekt, das f\u00fcr Sie entwickelt wurde<\/strong><\/h2><\/div>\n<\/div>\n\n\n\n<div class=\"wp-block-column is-layout-flow wp-block-column-is-layout-flow\">\n<p>Die Unterk\u00fcnfte von Casa Vacanze La Farfalla sind das Ergebnis eines Projekts, das aus unserem Wunsch entstanden ist, R\u00e4ume anzubieten, die nicht nur funktional, sondern auch einladend und in Harmonie mit der Umgebung sind. <\/p>\n\n\n\n<p>Wir wollten ger\u00e4umige Apartments mit Liebe zum kleinsten Detail schaffen, die den Bed\u00fcrfnissen jeder Art von Reisenden gerecht werden: Familien, Paare oder Gruppen von Freunden. <\/p>\n\n\n\n<p>Jedes Apartment verf\u00fcgt \u00fcber Panoramaterrassen, die sich auf die toskanische Landschaft \u00f6ffnen, K\u00fcchen, die zum Wohlf\u00fchlen ausgestattet sind, und helle Innenr\u00e4ume, die die warme Atmosph\u00e4re der Toskana widerspiegeln. <\/p>\n\n\n\n<p>Unser Ziel? <br>Um Ihnen einen komfortablen, authentischen und unvergesslichen Aufenthalt zu bieten.<\/p>\n<\/div>\n<\/div>\n<\/div><\/div><\/div><\/div><\/div>\n\n\n\n<div class=\"wp-block-getwid-section alignfull alignfull getwid-margin-top-none getwid-margin-bottom-none\"><div class=\"wp-block-getwid-section__wrapper getwid-padding-top-normal getwid-padding-bottom-normal getwid-padding-left-medium getwid-padding-right-medium getwid-padding-mobile-left-small getwid-padding-mobile-right-small\"><div class=\"wp-block-getwid-section__inner-wrapper\"><div class=\"wp-block-getwid-section__background-holder\"><div class=\"wp-block-getwid-section__background\"><\/div><div class=\"wp-block-getwid-section__foreground\"><\/div><\/div><div class=\"wp-block-getwid-section__content\"><div class=\"wp-block-getwid-section__inner-content\">\n<div class=\"wp-block-columns has-2-columns is-layout-flex wp-container-core-columns-is-layout-9d6595d7 wp-block-columns-is-layout-flex\">\n<div class=\"wp-block-column is-layout-flow wp-block-column-is-layout-flow\">\n<div class=\"wp-block-getwid-images-stack is-layout-zeta\"><div class=\"wp-block-getwid-images-stack__wrapper\"><div class=\"wp-block-getwid-images-stack__chunk\"><div class=\"wp-block-getwid-images-stack__media-wrapper\"><div class=\"wp-block-getwid-images-stack__media-inner-wrapper\"><img alt=\"\" loading=\"lazy\" decoding=\"async\" width=\"800\" height=\"600\" class=\"wp-block-getwid-images-stack__media wp-image-1501\" src=\"https:\/\/casavacanzelafarfalla.com\/wp-content\/uploads\/2025\/05\/IMG_9759_risultato.jpeg\" data-id=\"1501\" data-link=\"https:\/\/casavacanzelafarfalla.com\/img_9759_risultato\/\" srcset=\"https:\/\/casavacanzelafarfalla.com\/wp-content\/uploads\/2025\/05\/IMG_9759_risultato.jpeg 800w, https:\/\/casavacanzelafarfalla.com\/wp-content\/uploads\/2025\/05\/IMG_9759_risultato-300x225.jpeg 300w, https:\/\/casavacanzelafarfalla.com\/wp-content\/uploads\/2025\/05\/IMG_9759_risultato-768x576.jpeg 768w, https:\/\/casavacanzelafarfalla.com\/wp-content\/uploads\/2025\/05\/IMG_9759_risultato-16x12.jpeg 16w\" sizes=\"auto, (max-width: 800px) 100vw, 800px\" \/><\/div><\/div><div class=\"wp-block-getwid-images-stack__media-wrapper\"><div class=\"wp-block-getwid-images-stack__media-inner-wrapper\"><img alt=\"\" loading=\"lazy\" decoding=\"async\" width=\"800\" height=\"600\" class=\"wp-block-getwid-images-stack__media wp-image-1441\" src=\"https:\/\/casavacanzelafarfalla.com\/wp-content\/uploads\/2025\/05\/IMG_9678_risultato.jpeg\" data-id=\"1441\" data-link=\"https:\/\/casavacanzelafarfalla.com\/img_9678_risultato\/\" srcset=\"https:\/\/casavacanzelafarfalla.com\/wp-content\/uploads\/2025\/05\/IMG_9678_risultato.jpeg 800w, https:\/\/casavacanzelafarfalla.com\/wp-content\/uploads\/2025\/05\/IMG_9678_risultato-300x225.jpeg 300w, https:\/\/casavacanzelafarfalla.com\/wp-content\/uploads\/2025\/05\/IMG_9678_risultato-768x576.jpeg 768w, https:\/\/casavacanzelafarfalla.com\/wp-content\/uploads\/2025\/05\/IMG_9678_risultato-16x12.jpeg 16w\" sizes=\"auto, (max-width: 800px) 100vw, 800px\" \/><\/div><\/div><div class=\"wp-block-getwid-images-stack__media-wrapper\"><div class=\"wp-block-getwid-images-stack__media-inner-wrapper\"><img alt=\"\" loading=\"lazy\" decoding=\"async\" width=\"800\" height=\"600\" class=\"wp-block-getwid-images-stack__media wp-image-1512\" src=\"https:\/\/casavacanzelafarfalla.com\/wp-content\/uploads\/2025\/05\/IMG_9769_risultato.jpeg\" data-id=\"1512\" data-link=\"https:\/\/casavacanzelafarfalla.com\/img_9769_risultato\/\" srcset=\"https:\/\/casavacanzelafarfalla.com\/wp-content\/uploads\/2025\/05\/IMG_9769_risultato.jpeg 800w, https:\/\/casavacanzelafarfalla.com\/wp-content\/uploads\/2025\/05\/IMG_9769_risultato-300x225.jpeg 300w, https:\/\/casavacanzelafarfalla.com\/wp-content\/uploads\/2025\/05\/IMG_9769_risultato-768x576.jpeg 768w, https:\/\/casavacanzelafarfalla.com\/wp-content\/uploads\/2025\/05\/IMG_9769_risultato-16x12.jpeg 16w\" sizes=\"auto, (max-width: 800px) 100vw, 800px\" \/><\/div><\/div><\/div><\/div><\/div>\n<\/div>\n\n\n\n<div class=\"wp-block-column is-layout-flow wp-block-column-is-layout-flow\">\n<div class=\"wp-block-getwid-images-stack\"><div class=\"wp-block-getwid-images-stack__wrapper\"><div class=\"wp-block-getwid-images-stack__chunk\"><div class=\"wp-block-getwid-images-stack__media-wrapper\"><div class=\"wp-block-getwid-images-stack__media-inner-wrapper\"><img alt=\"\" loading=\"lazy\" decoding=\"async\" width=\"800\" height=\"600\" class=\"wp-block-getwid-images-stack__media wp-image-1409\" src=\"https:\/\/casavacanzelafarfalla.com\/wp-content\/uploads\/2025\/05\/IMG_9646_risultato.jpeg\" data-id=\"1409\" data-link=\"https:\/\/casavacanzelafarfalla.com\/img_9646_risultato\/\" srcset=\"https:\/\/casavacanzelafarfalla.com\/wp-content\/uploads\/2025\/05\/IMG_9646_risultato.jpeg 800w, https:\/\/casavacanzelafarfalla.com\/wp-content\/uploads\/2025\/05\/IMG_9646_risultato-300x225.jpeg 300w, https:\/\/casavacanzelafarfalla.com\/wp-content\/uploads\/2025\/05\/IMG_9646_risultato-768x576.jpeg 768w, https:\/\/casavacanzelafarfalla.com\/wp-content\/uploads\/2025\/05\/IMG_9646_risultato-16x12.jpeg 16w\" sizes=\"auto, (max-width: 800px) 100vw, 800px\" \/><\/div><\/div><div class=\"wp-block-getwid-images-stack__media-wrapper\"><div class=\"wp-block-getwid-images-stack__media-inner-wrapper\"><img alt=\"\" loading=\"lazy\" decoding=\"async\" width=\"800\" height=\"600\" class=\"wp-block-getwid-images-stack__media wp-image-1415\" src=\"https:\/\/casavacanzelafarfalla.com\/wp-content\/uploads\/2025\/05\/IMG_9652_risultato.jpeg\" data-id=\"1415\" data-link=\"https:\/\/casavacanzelafarfalla.com\/img_9652_risultato\/\" srcset=\"https:\/\/casavacanzelafarfalla.com\/wp-content\/uploads\/2025\/05\/IMG_9652_risultato.jpeg 800w, https:\/\/casavacanzelafarfalla.com\/wp-content\/uploads\/2025\/05\/IMG_9652_risultato-300x225.jpeg 300w, https:\/\/casavacanzelafarfalla.com\/wp-content\/uploads\/2025\/05\/IMG_9652_risultato-768x576.jpeg 768w, https:\/\/casavacanzelafarfalla.com\/wp-content\/uploads\/2025\/05\/IMG_9652_risultato-16x12.jpeg 16w\" sizes=\"auto, (max-width: 800px) 100vw, 800px\" \/><\/div><\/div><div class=\"wp-block-getwid-images-stack__media-wrapper\"><div class=\"wp-block-getwid-images-stack__media-inner-wrapper\"><img alt=\"\" loading=\"lazy\" decoding=\"async\" width=\"800\" height=\"600\" class=\"wp-block-getwid-images-stack__media wp-image-1425\" src=\"https:\/\/casavacanzelafarfalla.com\/wp-content\/uploads\/2025\/05\/IMG_9662_risultato.jpeg\" data-id=\"1425\" data-link=\"https:\/\/casavacanzelafarfalla.com\/img_9662_risultato\/\" srcset=\"https:\/\/casavacanzelafarfalla.com\/wp-content\/uploads\/2025\/05\/IMG_9662_risultato.jpeg 800w, https:\/\/casavacanzelafarfalla.com\/wp-content\/uploads\/2025\/05\/IMG_9662_risultato-300x225.jpeg 300w, https:\/\/casavacanzelafarfalla.com\/wp-content\/uploads\/2025\/05\/IMG_9662_risultato-768x576.jpeg 768w, https:\/\/casavacanzelafarfalla.com\/wp-content\/uploads\/2025\/05\/IMG_9662_risultato-16x12.jpeg 16w\" sizes=\"auto, (max-width: 800px) 100vw, 800px\" \/><\/div><\/div><\/div><\/div><\/div>\n<\/div>\n<\/div>\n<\/div><\/div><\/div><\/div><\/div>","protected":false},"excerpt":{"rendered":"","protected":false},"author":1,"featured_media":0,"parent":0,"menu_order":0,"comment_status":"closed","ping_status":"closed","template":"","meta":{"_seopress_robots_primary_cat":"","_seopress_titles_title":"%%sitetitle%% %%sep%% La Nostra Storia ","_seopress_titles_desc":"Conosci la nostra storia: un B&B gestito con passione dalla famiglia, nato per offrire relax e autenticit\u00e0 in Toscana. Scopri il nostro impegno per un\u2019accoglienza unica.","_seopress_robots_index":"","inline_featured_image":false,"footnotes":""},"class_list":["post-228","page","type-page","status-publish","hentry"],"_links":{"self":[{"href":"https:\/\/casavacanzelafarfalla.com\/de\/wp-json\/wp\/v2\/pages\/228","targetHints":{"allow":["GET"]}}],"collection":[{"href":"https:\/\/casavacanzelafarfalla.com\/de\/wp-json\/wp\/v2\/pages"}],"about":[{"href":"https:\/\/casavacanzelafarfalla.com\/de\/wp-json\/wp\/v2\/types\/page"}],"author":[{"embeddable":true,"href":"https:\/\/casavacanzelafarfalla.com\/de\/wp-json\/wp\/v2\/users\/1"}],"replies":[{"embeddable":true,"href":"https:\/\/casavacanzelafarfalla.com\/de\/wp-json\/wp\/v2\/comments?post=228"}],"version-history":[{"count":8,"href":"https:\/\/casavacanzelafarfalla.com\/de\/wp-json\/wp\/v2\/pages\/228\/revisions"}],"predecessor-version":[{"id":2074,"href":"https:\/\/casavacanzelafarfalla.com\/de\/wp-json\/wp\/v2\/pages\/228\/revisions\/2074"}],"wp:attachment":[{"href":"https:\/\/casavacanzelafarfalla.com\/de\/wp-json\/wp\/v2\/media?parent=228"}],"curies":[{"name":"wp","href":"https:\/\/api.w.org\/{rel}","templated":true}]}}