{"id":1906,"date":"2025-05-16T11:10:55","date_gmt":"2025-05-16T10:10:55","guid":{"rendered":"https:\/\/casavacanzelafarfalla.com\/?page_id=1906"},"modified":"2025-06-18T09:28:18","modified_gmt":"2025-06-18T08:28:18","slug":"cookie-richtlinie","status":"publish","type":"page","link":"https:\/\/casavacanzelafarfalla.com\/de\/cookie-richtlinie\/","title":{"rendered":"Cookie-Richtlinie"},"content":{"rendered":"<div class=\"wp-block-columns is-layout-flex wp-container-core-columns-is-layout-9d6595d7 wp-block-columns-is-layout-flex\">\n<div class=\"wp-block-column is-vertically-aligned-center is-layout-flow wp-block-column-is-layout-flow\">\n<h1 class=\"wp-block-heading has-text-align-center\" id=\"g4aff41a2a9cc\"><strong>casavacanzelafarfalla.com<\/strong><\/h1>\n\n\n\n<h4 class=\"wp-block-heading has-text-align-center\" id=\"g959884b33f3a\">Willkommen bei der Cookie-Richtlinie von casavacanzelafarfalla.com. Diese Richtlinie soll Ihnen helfen zu verstehen, welche Cookies und Tracking-Technologien wir verwenden, wie wir sie nutzen und welche Rechte Sie in diesem Zusammenhang haben.<\/h4>\n\n\n\n<p class=\"has-text-align-center\">Letzte \u00c4nderung: 6. Mai 2025<\/p>\n<\/div>\n<\/div>\n\n\n\n<div style=\"height:50px\" aria-hidden=\"true\" class=\"wp-block-spacer\"><\/div>\n\n\n\n<div class=\"mobile-toc-select-wrapper\">\n  <select id=\"mobile-toc-select\">\n    <option value=\"\">Gehen Sie zum Abschnitt...<\/option>\n    <option value=\"#g065b84f91c7e\">Einf\u00fchrung<\/option>\n    <option value=\"#g8aadb46dacb9\">Verantwortlicher f\u00fcr die Datenverarbeitung<\/option>\n    <option value=\"#g065b84f91c7e\">Wie diese Anwendung Tracking-Tools verwendet<\/option>\n      \n\t\t<option value=\"#gb0a3f0bfff64\">\u21b3 Erforderlich<\/option>\n\t\n\t<option value=\"#cookie-policy\">Verwaltung der Pr\u00e4ferenzen und Erteilung oder Widerruf der Zustimmung in dieser Anwendung<\/option>\n\t\t\n\t\t<option value=\"#g759521d2543b\">\u21b3 Wie Sie Cookies und \u00e4hnliche Technologien \u00fcber Ihre Ger\u00e4teeinstellungen kontrollieren oder l\u00f6schen k\u00f6nnen<\/option>\n\t\t<option value=\"#g0b1c81a455cd\">\u21b3 Folgen der Weigerung, Tracking-Tools zu verwenden<\/option>\n\t\n\t<option value=\"#gbe214c3dc01a\">Begriffsbestimmungen und rechtliche Hinweise<\/option>\n\t\n\t\t<option value=\"#g547029901d38\">\u21b3 Personenbezogene Daten (oder Daten)<\/option>\n\t\t<option value=\"#gccd9b143e82c\">\u21b3 Nutzungsdaten<\/option>\n\t\t<option value=\"#g3986cd849b94\">\u21b3 Benutzer<\/option>\n\t\t<option value=\"#g33f796a362db\">\u21b3 Interessiert<\/option>\n\t\t<option value=\"#gbacb9ce7402d\">\u21b3 Datenverantwortlicher (oder Verantwortlicher)<\/option>\n\t\t<option value=\"#gc4347d00580c\">\u21b3 Verantwortlicher (oder Eigent\u00fcmer)<\/option> \n\t\t<option value=\"#gfc9c37352010\">\u21b3 Diese Anwendung<\/option> \n\t\t<option value=\"#g8ca353264821\">\u21b3 Service<\/option> \n\t\t<option value=\"#gc06b805f3816\">\u21b3 Europ\u00e4ische Union (oder EU)<\/option> \t\t\n\t\t\t\t\n\t<option value=\"#gbd43b5e835db\">Rechtliche Hinweise<\/option>\n\t \n  <\/select>\n<\/div>\n\n\n\n<div class=\"wp-block-columns alignwide is-layout-flex wp-container-core-columns-is-layout-9d6595d7 wp-block-columns-is-layout-flex\">\n<div class=\"wp-block-column toc-sticky is-layout-flow wp-block-column-is-layout-flow\" style=\"flex-basis:33.33%\">\n<h2 class=\"wp-block-heading\" id=\"g4af55ef35fee\">Zusammenfassung<\/h2>\n\n\n\n<div class=\"wp-block-getwid-table-of-contents alignwide is-style-unordered\"><ul class=\"wp-block-getwid-table-of-contents__list\"><li><a href=\"#g4af55ef35fee\">Zusammenfassung<\/a><\/li><li><a href=\"#g065b84f91c7e\">Einf\u00fchrung<\/a><\/li><li><a href=\"#g8aadb46dacb9\">Verantwortlicher f\u00fcr die Datenverarbeitung<\/a><\/li><li><a href=\"#g065b84f91c7e\">Wie diese Anwendung Tracking-Tools verwendet<\/a><ul><li><a href=\"#gb0a3f0bfff64\">Erforderlich<\/a><\/li><\/ul><\/li><li><a href=\"#cookie-policy\">Verwaltung der Pr\u00e4ferenzen und Erteilung oder Widerruf der Zustimmung in dieser Anwendung<\/a><ul><li><a href=\"#g759521d2543b\">Wie Sie Cookies und \u00e4hnliche Technologien \u00fcber Ihre Ger\u00e4teeinstellungen kontrollieren oder l\u00f6schen k\u00f6nnen<\/a><\/li><li><a href=\"#g0b1c81a455cd\">Folgen der Weigerung, Tracking-Tools zu verwenden<\/a><\/li><\/ul><\/li><li><a href=\"#gbe214c3dc01a\">Begriffsbestimmungen und rechtliche Hinweise<\/a><ul><li><a href=\"#g547029901d38\">Personenbezogene Daten (oder Daten)<\/a><\/li><li><a href=\"#gccd9b143e82c\">Nutzungsdaten<\/a><\/li><li><a href=\"#g3986cd849b94\">Benutzer<\/a><\/li><li><a href=\"#g33f796a362db\">Interessiert<\/a><\/li><li><a href=\"#gbacb9ce7402d\">Datenverantwortlicher (oder Verantwortlicher)<\/a><\/li><li><a href=\"#gc4347d00580c\">Verantwortlicher (oder Eigent\u00fcmer)<\/a><\/li><li><a href=\"#gfc9c37352010\">Diese Anwendung<\/a><\/li><li><a href=\"#g8ca353264821\">Service<\/a><\/li><li><a href=\"#gc06b805f3816\">Europ\u00e4ische Union (oder EU)<\/a><\/li><\/ul><\/li><li><a href=\"#gbd43b5e835db\">Rechtliche Hinweise<\/a><\/li><\/ul><\/div>\n<\/div>\n\n\n\n<div class=\"wp-block-column is-layout-flow wp-block-column-is-layout-flow\" style=\"flex-basis:66.66%\">\n<h2 class=\"wp-block-heading\" id=\"g065b84f91c7e\">Einf\u00fchrung<\/h2>\n\n\n\n<p>Dieses Dokument enth\u00e4lt Informationen \u00fcber die Technologien, die es dieser Anwendung erm\u00f6glichen, die unten beschriebenen Zwecke zu erreichen. Diese Technologien erm\u00f6glichen es dem Eigent\u00fcmer, Informationen zu sammeln und zu speichern (z. B. durch die Verwendung von Cookies) oder Ressourcen (z. B. durch die Ausf\u00fchrung eines Skripts) auf dem Ger\u00e4t des Nutzers zu verwenden, wenn der Nutzer mit dieser Anwendung interagiert.<\/p>\n\n\n\n<p>Der Einfachheit halber werden diese Technologien in diesem Dokument kurz als \"Tracking Tools\" bezeichnet, es sei denn, es besteht Grund zur Differenzierung.<br>Obwohl Cookies beispielsweise sowohl in Web- als auch in mobilen Browsern verwendet werden k\u00f6nnen, w\u00e4re es unangemessen, \u00fcber Cookies im Zusammenhang mit mobilen Anwendungen zu sprechen, da diese Tracking-Tools das Vorhandensein eines Browsers erfordern. Aus diesem Grund wird in diesem Dokument der Begriff \"Cookie\" nur verwendet, wenn es sich um diese spezielle Art von Tracking-Tool handelt.<\/p>\n\n\n\n<p>Einige der Zwecke, f\u00fcr die Tracking-Tools verwendet werden, k\u00f6nnen auch die Zustimmung des Nutzers erfordern. Wenn die Zustimmung erteilt wurde, kann sie jederzeit frei widerrufen werden, indem die in diesem Dokument enthaltenen Anweisungen befolgt werden.<\/p>\n\n\n\n<p>Diese Anwendung verwendet nur Tracking-Tools, die direkt vom Eigent\u00fcmer betrieben werden (gemeinhin als \"First-Party\"-Tracking-Tools bezeichnet).<br>Dauer und Ablauf der Erstanbieter-Cookies und anderer \u00e4hnlicher Nachverfolgungsinstrumente k\u00f6nnen variieren, je nachdem, was der f\u00fcr die Verarbeitung Verantwortliche festgelegt hat. Einige von ihnen verfallen am Ende der Browsing-Sitzung des Nutzers.<\/p>\n\n\n\n<hr class=\"wp-block-separator has-alpha-channel-opacity\"\/>\n\n\n\n<h2 class=\"wp-block-heading\" id=\"g8aadb46dacb9\">Verantwortlicher f\u00fcr die Datenverarbeitung<\/h2>\n\n\n\n<p>La Farfalla | Dominique Monti<br>Via Cafaggio 5 \u2013 56028<br>San Miniato, Pisa (Italien)<\/p>\n\n\n\n<p>P.iva: 06987190961<br>Cin: IT050032C2AGZ3ZWW4<br>Pec: dominiquefulvio.monti@pec.it<\/p>\n\n\n\n<p><strong>E-Mail-Adresse des Datenverantwortlichen:<\/strong>&nbsp;info@casavacanzelafarfalla.com<\/p>\n\n\n\n<hr class=\"wp-block-separator has-alpha-channel-opacity\"\/>\n\n\n\n<h2 class=\"wp-block-heading\" id=\"g065b84f91c7e\">Wie diese Anwendung Tracking-Tools verwendet<\/h2>\n\n\n\n<h3 class=\"wp-block-heading\" id=\"gb0a3f0bfff64\">Erforderlich<\/h3>\n\n\n\n<p>Diese Anwendung verwendet Cookies, die gemeinhin als \"technische\" oder \u00e4hnliche Tracking-Tools bezeichnet werden, um Aktivit\u00e4ten durchzuf\u00fchren, die unbedingt erforderlich sind, um den Betrieb oder die Bereitstellung des Dienstes zu gew\u00e4hrleisten.<\/p>\n\n\n\n<hr class=\"wp-block-separator has-alpha-channel-opacity\"\/>\n\n\n\n<h2 class=\"wp-block-heading\" id=\"cookie-policy\">Verwaltung der Pr\u00e4ferenzen und Erteilung oder Widerruf der Zustimmung in dieser Anwendung<\/h2>\n\n\n\n<p>Wenn die Verwendung von Trackern auf einer Einwilligung beruht, k\u00f6nnen die Nutzer diese Einwilligung erteilen oder widerrufen, indem sie ihre Pr\u00e4ferenzen \u00fcber das entsprechende Auswahlfeld f\u00fcr den Datenschutz in dieser Anwendung festlegen oder aktualisieren.<\/p>\n\n\n\n<h3 class=\"wp-block-heading\" id=\"g759521d2543b\">Wie Sie Cookies und \u00e4hnliche Technologien \u00fcber Ihre Ger\u00e4teeinstellungen kontrollieren oder l\u00f6schen k\u00f6nnen<\/h3>\n\n\n\n<p>Die Benutzer k\u00f6nnen ihre Browsereinstellungen verwenden, um:<\/p>\n\n\n\n<ul class=\"wp-block-list\">\n<li>Sie k\u00f6nnen sehen, welche Cookies oder andere \u00e4hnliche Technologien auf dem Ger\u00e4t gesetzt wurden;<\/li>\n\n\n\n<li>Blockieren von Cookies oder \u00e4hnlichen Technologien;<\/li>\n\n\n\n<li>L\u00f6schen Sie Cookies oder \u00e4hnliche Technologien aus Ihrem Browser.<\/li>\n<\/ul>\n\n\n\n<p>Die Einstellungen des Browsers erlauben jedoch keine granulare Kontrolle der Zustimmung nach Kategorien.<\/p>\n\n\n\n<p>Informationen \u00fcber die Verwaltung von Cookies in den g\u00e4ngigsten Browsern finden Sie beispielsweise unter folgenden Adressen:<\/p>\n\n\n\n<ul class=\"wp-block-list\">\n<li><a href=\"https:\/\/support.google.com\/chrome\/answer\/95647?hl=it&amp;p=cpn_cookies\" target=\"_blank\" rel=\"noreferrer noopener\">Google Chrome<\/a><\/li>\n\n\n\n<li><a href=\"https:\/\/support.mozilla.org\/it\/kb\/Attivare%20e%20disattivare%20i%20cookie\" target=\"_blank\" rel=\"noreferrer noopener\">Mozilla Firefox<\/a><\/li>\n\n\n\n<li><a href=\"https:\/\/support.apple.com\/it-it\/guide\/safari\/manage-cookies-and-website-data-sfri11471\/\" target=\"_blank\" rel=\"noreferrer noopener\">Apple Safari<\/a><\/li>\n\n\n\n<li><a href=\"http:\/\/windows.microsoft.com\/it-it\/windows-vista\/block-or-allow-cookies\" target=\"_blank\" rel=\"noreferrer noopener\">Microsoft Internet Explorer<\/a><\/li>\n\n\n\n<li><a href=\"https:\/\/support.microsoft.com\/it-it\/help\/4027947\" target=\"_blank\" rel=\"noreferrer noopener\">Microsoft Edge<\/a><\/li>\n\n\n\n<li><a href=\"https:\/\/support.brave.com\/hc\/articles\/360022806212-How-do-I-use-Shields-while-browsing\" target=\"_blank\" rel=\"noreferrer noopener\">Mutig<\/a><\/li>\n\n\n\n<li><a href=\"https:\/\/help.opera.com\/latest\/web-preferences\/#cookies\" target=\"_blank\" rel=\"noreferrer noopener\">Oper<\/a><\/li>\n<\/ul>\n\n\n\n<p>Die Nutzer k\u00f6nnen auch bestimmte Tracking-Tools f\u00fcr mobile Anwendungen verwalten, indem sie diese \u00fcber die entsprechenden Ger\u00e4teeinstellungen deaktivieren, z. B. \u00fcber die Einstellungen f\u00fcr mobile Werbung oder die Tracking-Einstellungen im Allgemeinen (die Nutzer k\u00f6nnen die entsprechenden Einstellungen in ihren Ger\u00e4teeinstellungen finden).<\/p>\n\n\n\n<h3 class=\"wp-block-heading\" id=\"g0b1c81a455cd\">Folgen der Weigerung, Tracking-Tools zu verwenden<\/h3>\n\n\n\n<p>Es steht den Nutzern frei zu entscheiden, ob sie die Verwendung von Tracking Tools zulassen wollen oder nicht. Bitte beachten Sie jedoch, dass die Tracking-Tools es dieser Anwendung erm\u00f6glichen, den Nutzern ein besseres Erlebnis und erweiterte Funktionen zu bieten (im Einklang mit den in diesem Dokument beschriebenen Zwecken). Wenn der Nutzer beschlie\u00dft, die Verwendung von Tracking-Tools zu blockieren, kann der Eigent\u00fcmer daher m\u00f6glicherweise die entsprechenden Funktionen nicht bereitstellen.<\/p>\n\n\n\n<hr class=\"wp-block-separator has-alpha-channel-opacity\"\/>\n\n\n\n<h2 class=\"wp-block-heading\" id=\"gbe214c3dc01a\">Begriffsbestimmungen und rechtliche Hinweise<\/h2>\n\n\n\n<h3 class=\"wp-block-heading\" id=\"g547029901d38\">Personenbezogene Daten (oder Daten)<\/h3>\n\n\n\n<p>Personenbezogene Daten sind alle Informationen, die direkt oder indirekt, auch in Verbindung mit anderen Informationen, einschlie\u00dflich einer pers\u00f6nlichen Identifikationsnummer, eine nat\u00fcrliche Person identifizierbar oder identifizierbar machen.<\/p>\n\n\n\n<h3 class=\"wp-block-heading\" id=\"gccd9b143e82c\">Nutzungsdaten<\/h3>\n\n\n\n<p>Dabei handelt es sich um die Informationen, die automatisch \u00fcber diese Anwendung (einschlie\u00dflich der in diese Anwendung integrierten Anwendungen Dritter) erfasst werden, darunter: IP-Adressen oder Domain-Namen der Computer, die vom Nutzer verwendet werden, der eine Verbindung zu dieser Anwendung herstellt, URI (Uniform Resource Identifier)-Notationsadressen, die Uhrzeit der Anfrage, die zur Weiterleitung der Anfrage an den Server verwendete Methode, die Gr\u00f6\u00dfe der als Antwort erhaltenen Datei, der Zahlencode, der den Status der Serverantwort angibt (erfolgreich, Fehler usw.), das Herkunftsland, die Merkmale des vom Besucher verwendeten Browsers und Betriebssystems, die verschiedenen zeitlichen Konnotationen des Besuchs (z. B. die auf jeder Seite verbrachte Zeit) und Einzelheiten der vom Nutzer verfolgten Reiseroute.), das Herkunftsland, die Merkmale des vom Besucher verwendeten Browsers und Betriebssystems, die verschiedenen zeitlichen Aspekte des Besuchs (z. B. die auf jeder Seite verbrachte Zeit) und die Einzelheiten der innerhalb der Anwendung zur\u00fcckgelegten Strecke, insbesondere die Reihenfolge der aufgerufenen Seiten, die Parameter des Betriebssystems und die IT-Umgebung des Nutzers.<\/p>\n\n\n\n<h3 class=\"wp-block-heading\" id=\"g3986cd849b94\">Benutzer<\/h3>\n\n\n\n<p>Die Person, die diese Anwendung nutzt und die, sofern nicht anders angegeben, die betroffene Person ist.<\/p>\n\n\n\n<h3 class=\"wp-block-heading\" id=\"g33f796a362db\">Interessiert<\/h3>\n\n\n\n<p>Die nat\u00fcrliche Person, auf die sich die personenbezogenen Daten beziehen.<\/p>\n\n\n\n<h3 class=\"wp-block-heading\" id=\"gbacb9ce7402d\">Datenverantwortlicher (oder Verantwortlicher)<\/h3>\n\n\n\n<p>Die nat\u00fcrliche Person, die juristische Person, die \u00f6ffentliche Verwaltung und jede andere Stelle, die personenbezogene Daten im Auftrag des f\u00fcr die Verarbeitung Verantwortlichen verarbeitet, wie in dieser Datenschutzrichtlinie dargelegt.<\/p>\n\n\n\n<h3 class=\"wp-block-heading\" id=\"gc4347d00580c\">Verantwortlicher (oder Eigent\u00fcmer)<\/h3>\n\n\n\n<p>Die nat\u00fcrliche oder juristische Person, Beh\u00f6rde, Dienststelle oder sonstige Einrichtung, die allein oder gemeinsam mit anderen \u00fcber die Zwecke und Mittel der Verarbeitung personenbezogener Daten sowie \u00fcber die eingesetzten Instrumente, einschlie\u00dflich der Sicherheitsma\u00dfnahmen im Zusammenhang mit dem Betrieb und der Nutzung dieser Anwendung, entscheidet. Der f\u00fcr die Datenverarbeitung Verantwortliche ist, sofern nicht anders angegeben, der Eigent\u00fcmer dieser Anwendung.<\/p>\n\n\n\n<h3 class=\"wp-block-heading\" id=\"gfc9c37352010\">Diese Anwendung<\/h3>\n\n\n\n<p>Das Hardware- oder Softwaretool, mit dem die personenbezogenen Daten der Nutzer gesammelt und verarbeitet werden.<\/p>\n\n\n\n<h3 class=\"wp-block-heading\" id=\"g8ca353264821\">Service<\/h3>\n\n\n\n<p>Der durch diese Anwendung bereitgestellte Dienst, wie in den entsprechenden Bedingungen (falls vorhanden) auf dieser Website\/Anwendung definiert.<\/p>\n\n\n\n<h3 class=\"wp-block-heading\" id=\"gc06b805f3816\">Europ\u00e4ische Union (oder EU)<\/h3>\n\n\n\n<p>Sofern nicht anders angegeben, ist jede Bezugnahme auf die Europ\u00e4ische Union in diesem Dokument so zu verstehen, dass sie sich auf alle derzeitigen Mitgliedstaaten der Europ\u00e4ischen Union und des Europ\u00e4ischen Wirtschaftsraums erstreckt.<\/p>\n\n\n\n<hr class=\"wp-block-separator has-alpha-channel-opacity\"\/>\n\n\n\n<h2 class=\"wp-block-heading\" id=\"gbd43b5e835db\">Rechtliche Hinweise<\/h2>\n\n\n\n<p>Sofern nicht anders angegeben, bezieht sich diese Datenschutzrichtlinie ausschlie\u00dflich auf diese Anwendung.<\/p>\n<\/div>\n<\/div>\n\n\n\n<script>\n  document.addEventListener('DOMContentLoaded', function () {\n    const select = document.getElementById('mobile-toc-select');\n    select.addEventListener('change', function () {\n      const target = this.value;\n      if (target) {\n        const element = document.querySelector(target);\n        if (element) {\n          element.scrollIntoView({ behavior: 'smooth' });\n        }\n      }\n    });\n  });\n<\/script>","protected":false},"excerpt":{"rendered":"<p>casavacanzelafarfalla.com Benvenuto nella Cookie Policy di casavacanzelafarfalla.com. Questa policy ti aiuter\u00e0 a comprendere quali cookie e tecnologie di tracciamento utilizziamo, come li utilizziamo e quali sono i tuoi diritti in merito. Ultima modifica: 6 maggio 2025 Vai alla Sezione&#8230;IntroduzioneTitolare del Trattamento dei DatiCome questa Applicazione utilizza gli Strumenti di Tracciamento\u21b3 NecessariCome gestire le preferenze e [&hellip;]<\/p>\n","protected":false},"author":1,"featured_media":0,"parent":0,"menu_order":0,"comment_status":"closed","ping_status":"closed","template":"","meta":{"_seopress_robots_primary_cat":"","_seopress_titles_title":"","_seopress_titles_desc":"","_seopress_robots_index":"yes","inline_featured_image":false,"footnotes":""},"class_list":["post-1906","page","type-page","status-publish","hentry"],"_links":{"self":[{"href":"https:\/\/casavacanzelafarfalla.com\/de\/wp-json\/wp\/v2\/pages\/1906","targetHints":{"allow":["GET"]}}],"collection":[{"href":"https:\/\/casavacanzelafarfalla.com\/de\/wp-json\/wp\/v2\/pages"}],"about":[{"href":"https:\/\/casavacanzelafarfalla.com\/de\/wp-json\/wp\/v2\/types\/page"}],"author":[{"embeddable":true,"href":"https:\/\/casavacanzelafarfalla.com\/de\/wp-json\/wp\/v2\/users\/1"}],"replies":[{"embeddable":true,"href":"https:\/\/casavacanzelafarfalla.com\/de\/wp-json\/wp\/v2\/comments?post=1906"}],"version-history":[{"count":6,"href":"https:\/\/casavacanzelafarfalla.com\/de\/wp-json\/wp\/v2\/pages\/1906\/revisions"}],"predecessor-version":[{"id":2164,"href":"https:\/\/casavacanzelafarfalla.com\/de\/wp-json\/wp\/v2\/pages\/1906\/revisions\/2164"}],"wp:attachment":[{"href":"https:\/\/casavacanzelafarfalla.com\/de\/wp-json\/wp\/v2\/media?parent=1906"}],"curies":[{"name":"wp","href":"https:\/\/api.w.org\/{rel}","templated":true}]}}